{"id":71858,"date":"2024-12-09T11:09:21","date_gmt":"2024-12-09T08:09:21","guid":{"rendered":"https:\/\/welcome-israel.com\/?page_id=71858"},"modified":"2024-12-09T11:09:21","modified_gmt":"2024-12-09T08:09:21","slug":"ministere-de-l-alya-et-de-l-integration","status":"publish","type":"page","link":"https:\/\/welcome-israel.com\/fr\/ministere-de-l-alya-et-de-l-integration","title":{"rendered":"Minist\u00e8re de l'alya et de l'int\u00e9gration"},"content":{"rendered":"<p>Le Minist\u00e8re de l&rsquo;Alyah et de l&rsquo;Int\u00e9gration est l&rsquo;organisme gouvernemental isra\u00e9lien charg\u00e9 de faciliter l&rsquo;int\u00e9gration des nouveaux immigrants et des rapatri\u00e9s dans la soci\u00e9t\u00e9 isra\u00e9lienne. Il offre un soutien dans les domaines cl\u00e9s de l&rsquo;adaptation, notamment l&rsquo;int\u00e9gration sociale, l&rsquo;assimilation culturelle, le logement et les finances.<\/p>\n<p><span style=\"font-weight: 400;\"><div class=\"single-consultation__form-wrap\">\n    <div class=\"single-consultation__form-inner\"><\/div>\n    <div class=\"consultation-title\">Obtenez une consultation gratuite d'un sp\u00e9cialiste de la citoyennet\u00e9 isra\u00e9lienne<\/div>\n    <div class=\"single-consultation__form-grid\">\n        \n<div class=\"wpcf7 no-js\" id=\"wpcf7-f15127-o1\" lang=\"fr-FR\" dir=\"ltr\" data-wpcf7-id=\"15127\">\n<div class=\"screen-reader-response\"><p role=\"status\" aria-live=\"polite\" aria-atomic=\"true\"><\/p> <ul><\/ul><\/div>\n<form action=\"\/fr\/wp-json\/wp\/v2\/pages\/71858#wpcf7-f15127-o1\" method=\"post\" class=\"wpcf7-form init\" aria-label=\"Formulaire de contact\" novalidate=\"novalidate\" data-status=\"init\">\n<fieldset class=\"hidden-fields-container\"><input type=\"hidden\" name=\"_wpcf7\" value=\"15127\" \/><input type=\"hidden\" name=\"_wpcf7_version\" value=\"6.1.5\" \/><input type=\"hidden\" name=\"_wpcf7_locale\" value=\"fr_FR\" \/><input type=\"hidden\" name=\"_wpcf7_unit_tag\" value=\"wpcf7-f15127-o1\" \/><input type=\"hidden\" name=\"_wpcf7_container_post\" value=\"0\" \/><input type=\"hidden\" name=\"_wpcf7_posted_data_hash\" value=\"\" \/><input type=\"hidden\" name=\"_wpcf7_recaptcha_response\" value=\"\" \/>\n<\/fieldset>\n<div class=\"single-consultation__form-column\">\n<span class=\"wpcf7-form-control-wrap\" data-name=\"your-name\"><input size=\"40\" maxlength=\"400\" class=\"wpcf7-form-control wpcf7-text wpcf7-validates-as-required get__consultation-form-input\" aria-required=\"true\" aria-invalid=\"false\" placeholder=\"Nom\" value=\"\" type=\"text\" name=\"your-name\" \/><\/span>\n<span class=\"wpcf7-form-control-wrap\" data-name=\"your-email\"><input size=\"40\" maxlength=\"400\" class=\"wpcf7-form-control wpcf7-email wpcf7-validates-as-required wpcf7-text wpcf7-validates-as-email get__consultation-form-input\" aria-required=\"true\" aria-invalid=\"false\" placeholder=\"E-mail\" value=\"\" type=\"email\" name=\"your-email\" \/><\/span>\n<div class=\"get__consultation-form-input_wrap\">\n<span class=\"wpcf7-form-control-wrap\" data-name=\"your-phone\"><input size=\"40\" maxlength=\"400\" class=\"wpcf7-form-control wpcf7-tel wpcf7-validates-as-required wpcf7-text wpcf7-validates-as-tel get__consultation-form-input masked__phone-input\" aria-required=\"true\" aria-invalid=\"false\" placeholder=\"Num\u00e9ro de t\u00e9l\u00e9phone\" value=\"\" type=\"tel\" name=\"your-phone\" \/><\/span>\n<label class=\"consultation-form-label consultation-form-checkbox-light consultation-form-primary-number\">\n<span class=\"wpcf7-form-control-wrap\" data-name=\"primary-number\"><span class=\"wpcf7-form-control wpcf7-acceptance\"><span class=\"wpcf7-list-item\"><label><input type=\"checkbox\" name=\"primary-number\" value=\"1\" checked=\"checked\" class=\"processing__personal__data\" aria-invalid=\"false\" \/><span class=\"wpcf7-list-item-label\">Je confirme que ce nombre est ma principale<\/span><\/label><\/span><\/span><\/span>\n<\/label>\n<\/div>\n<\/div>\n<div class=\"single-consultation__form-row\">\n<button type=\"submit\" class=\"button button-white wpcf7-submit\">Obtenez une consultation<\/button>\n<label class=\"consultation-form-label consultation-form-checkbox-light\">\n<span class=\"wpcf7-form-control-wrap\" data-name=\"Processing-of-personal-data\"><span class=\"wpcf7-form-control wpcf7-acceptance\"><span class=\"wpcf7-list-item\"><label><input type=\"checkbox\" name=\"Processing-of-personal-data\" value=\"1\" checked=\"checked\" class=\"processing__personal__data\" aria-invalid=\"false\" \/><span class=\"wpcf7-list-item-label\">En cliquant sur le bouton de soumission, vous \u00eates d'accord\nau traitement des donn\u00e9es \u00e0 caract\u00e8re personnel<\/span><\/label><\/span><\/span><\/span>\n<\/label>\n<\/div><div class=\"wpcf7-response-output\" aria-hidden=\"true\"><\/div>\n<\/form>\n<\/div>\n\n    <\/div>\n<\/div><\/span><\/p>\n<h2>Objectifs et Mission<\/h2>\n<p><span style=\"font-weight: 400;\">La mission principale du Minist\u00e8re est de faciliter l&rsquo;int\u00e9gration des nouveaux immigrants gr\u00e2ce \u00e0 des initiatives cibl\u00e9es:<div class=\"list__check\"><\/span><\/p>\n<ul>\n<li>Aide financi\u00e8re: Fournie sous forme de paiements de la \u00ab\u00a0Basket d\u2019Absorption\u00a0\u00bb et d\u2019avantages fiscaux. Des solutions de logement, comme une assistance locative et des pr\u00eats hypoth\u00e9caires pr\u00e9f\u00e9rentiels, sont \u00e9galement propos\u00e9es.<\/li>\n<li>Cours d\u2019h\u00e9breu gratuits: Dispens\u00e9s dans des Ulpans, ces cours offrent un apprentissage intensif dans un environnement immersif. Les jeunes rapatri\u00e9s peuvent b\u00e9n\u00e9ficier d\u2019aides pour acc\u00e9der \u00e0 l\u2019enseignement sup\u00e9rieur, comme des subventions pour couvrir les frais de scolarit\u00e9.<\/li>\n<li>Conseils pratiques: Accompagnement sur des sujets vari\u00e9s, incluant l&#8217;emploi, le logement, les avantages sociaux, la cr\u00e9ation d&rsquo;entreprise et la fiscalit\u00e9.<\/li>\n<li>Soutien \u00e0 l\u2019emploi: Comprend des guides pour la r\u00e9daction de CV, des formations professionnelles et des stages de perfectionnement.<\/div><\/li>\n<\/ul>\n<p>De plus, des initiatives \u00e9ducatives comme le programme <strong>Naale<\/strong> permettent aux lyc\u00e9ens \u00e9ligibles \u00e0 l&rsquo;alyah de terminer leurs \u00e9tudes dans des \u00e9tablissements isra\u00e9liens, avec un apprentissage intensif de l&rsquo;h\u00e9breu.<\/p>\n<h2>Histoire du Minist\u00e8re<\/h2>\n<p>\u00c0 l\u2019origine, les responsabilit\u00e9s d\u2019int\u00e9gration des immigrants relevaient de la <strong>Jewish Agency<\/strong>. Cependant, apr\u00e8s la guerre des Six Jours et face \u00e0 un afflux croissant d\u2019immigrants, une r\u00e9organisation s\u2019est impos\u00e9e. En 1967, une Autorit\u00e9 conjointe pour l&rsquo;immigration et l&rsquo;absorption a vu le jour, devenant en 1968 le Minist\u00e8re de l\u2019Alyah et de l&rsquo;Int\u00e9gration tel que nous le connaissons aujourd\u2019hui.<\/p>\n<h2>Programmes et Initiatives<\/h2>\n<p>Avant leur arriv\u00e9e, les rapatri\u00e9s peuvent choisir parmi plusieurs options d\u2019absorption:<\/p>\n<ul>\n<li>Absorption directe avec aide financi\u00e8re.<\/li>\n<li>Absorption accompagn\u00e9e d&rsquo;une recherche autonome de logement.<\/li>\n<li>Programme <em>Aliyah 2000<\/em>, incluant apprentissage de l\u2019h\u00e9breu et formation professionnelle.<\/li>\n<\/ul>\n<p><span style=\"font-weight: 400;\"><div class=\"banner-full-support\">\n    <div class=\"banner-full-support__inner\">\n        <div class=\"banner-full-support__title\">Soutien complet \u00e0 toutes les \u00e9tapes de la r\u00e9patriation, y compris en Isra\u00ebl<\/div>\n        <div class=\"banner-full-support__description\">Vous devez seulement soumettre les documents<\/div>\n        <a href=\"javascript:;\" data-fancybox data-src=\"#consult\" data-modal=\"true\" class=\"button button-white\">Laissez une demande<\/a>\n    <\/div>\n<\/div><\/span><\/p>\n<h2>Bureaux de Misrad Ha&rsquo;aliyah V&rsquo;haklita : informations de contact<\/h2>\n<p>Nous avons \u00e9labor\u00e9 un guide de r\u00e9f\u00e9rence rapide indiquant toutes les fa\u00e7ons de joindre Misrad Haklita :<\/p>\n<table style=\"width: 99.4494%;\" width=\"84%\">\n<tbody>\n<tr>\n<td style=\"width: 16%;\" width=\"16%\">Branch<\/td>\n<td style=\"width: 30.3278%;\" width=\"21%\">Adress<\/td>\n<td style=\"width: 25.9794%;\" width=\"46%\">E-mail<\/td>\n<td style=\"width: 44.6663%;\" width=\"16%\">Contact Number<\/td>\n<\/tr>\n<tr>\n<td style=\"width: 16%;\">Acco<\/td>\n<td style=\"width: 30.3278%;\">1 Shlom HaGalil St.<\/td>\n<td style=\"width: 25.9794%;\">galil.elyon@moia.gov.il<\/td>\n<td style=\"width: 44.6663%;\">073-397-3500<\/td>\n<\/tr>\n<tr>\n<td style=\"width: 16%;\">Afula<\/td>\n<td style=\"width: 30.3278%;\">34 Yehoshua Henin<\/td>\n<td style=\"width: 25.9794%;\">AfulaContact@moia.gov.il<\/td>\n<td style=\"width: 44.6663%;\">073-397-3900<\/td>\n<\/tr>\n<tr>\n<td style=\"width: 16%;\">Arad<\/td>\n<td style=\"width: 30.3278%;\">34 Chen Blvd, 2nd floor<\/td>\n<td style=\"width: 25.9794%;\">beer.sheva@moia.gov.il<\/td>\n<td style=\"width: 44.6663%;\">08-634-1527, 08-634-1605<\/td>\n<\/tr>\n<tr>\n<td style=\"width: 16%;\">Ashdod<\/td>\n<td style=\"width: 30.3278%;\">1 Menachem Begin Ave. Zimmer Bldg<\/td>\n<td style=\"width: 25.9794%;\">ashdod@moia.gov.il<\/td>\n<td style=\"width: 44.6663%;\">1599-900-914<\/td>\n<\/tr>\n<tr>\n<td style=\"width: 16%;\">Ashkelon<\/td>\n<td style=\"width: 30.3278%;\">9 Berl Katznelson<\/td>\n<td style=\"width: 25.9794%;\">ashdod@moia.gov.il<\/td>\n<td style=\"width: 44.6663%;\">1599-500-914<\/td>\n<\/tr>\n<tr>\n<td style=\"width: 16%;\">Be&rsquo;er Sheva<\/td>\n<td style=\"width: 30.3278%;\">31 Shazar St.<\/td>\n<td style=\"width: 25.9794%;\">beer.sheva@moia.gov.il<\/td>\n<td style=\"width: 44.6663%;\">1599-500-921<\/td>\n<\/tr>\n<tr>\n<td style=\"width: 16%;\">Beit Shemesh<\/td>\n<td style=\"width: 30.3278%;\">9 Herzl St<\/td>\n<td style=\"width: 25.9794%;\">Nataliamo@moia.gov.il<\/td>\n<td style=\"width: 44.6663%;\">073-397-2450<\/td>\n<\/tr>\n<tr>\n<td style=\"width: 16%;\">Bnei Brak<\/td>\n<td style=\"width: 30.3278%;\">148 Jabotinsky St.<\/td>\n<td style=\"width: 25.9794%;\">petach.tikva@moia.gov.il<\/td>\n<td style=\"width: 44.6663%;\">03-619-6149, 1599-500-907<\/td>\n<\/tr>\n<tr>\n<td style=\"width: 16%;\">Hadera<\/td>\n<td style=\"width: 30.3278%;\">13 Hillel Yaffe<\/td>\n<td style=\"width: 25.9794%;\">hadera@moia.gov.il<\/td>\n<td style=\"width: 44.6663%;\">073-397-3200<\/td>\n<\/tr>\n<tr>\n<td style=\"width: 16%;\">Haifa<\/td>\n<td style=\"width: 30.3278%;\">15 Pal Yam<\/td>\n<td style=\"width: 25.9794%;\">HaifaContact@moia.gov.il<\/td>\n<td style=\"width: 44.6663%;\">1599-500-922<\/td>\n<\/tr>\n<tr>\n<td style=\"width: 16%;\">Hasharon<\/td>\n<td style=\"width: 30.3278%;\">23 HaTaas, Kfar Saba<\/td>\n<td style=\"width: 25.9794%;\">HasharonContact@moia.gov.il<\/td>\n<td style=\"width: 44.6663%;\">1599-500-906<\/td>\n<\/tr>\n<tr>\n<td style=\"width: 16%;\">Holon<\/td>\n<td style=\"width: 30.3278%;\">36 Eilat St.<\/td>\n<td style=\"width: 25.9794%;\">HolonContact@moia.gov.il<\/td>\n<td style=\"width: 44.6663%;\">1599-500-908<\/td>\n<\/tr>\n<tr>\n<td style=\"width: 16%;\">Jerusalem<\/td>\n<td style=\"width: 30.3278%;\">4 Mevo Matdmid<\/td>\n<td style=\"width: 25.9794%;\">jerusalem@moia.gov.il<\/td>\n<td style=\"width: 44.6663%;\">1599-500-923<\/td>\n<\/tr>\n<tr>\n<td style=\"width: 16%;\">Karmiel &amp; Galilee<\/td>\n<td style=\"width: 30.3278%;\">2 Ma&rsquo;ale Kamon St. Big Center, 2nd Floor, Karmiel<\/td>\n<td style=\"width: 25.9794%;\">galil.elyon@moia.gov.il<\/td>\n<td style=\"width: 44.6663%;\">1599-500-920<\/td>\n<\/tr>\n<tr>\n<td style=\"width: 16%;\">Katzrin<\/td>\n<td style=\"width: 30.3278%;\">The Municipality Community Center, Old Industrial Area<\/td>\n<td style=\"width: 25.9794%;\">galil.elyon@moia.gov.il<\/td>\n<td style=\"width: 44.6663%;\">04-699-9336<\/td>\n<\/tr>\n<tr>\n<td style=\"width: 16%;\">Kiryat Gat<\/td>\n<td style=\"width: 30.3278%;\">3 HaGefen St.<\/td>\n<td style=\"width: 25.9794%;\">ashdod@moia.gov.il<\/td>\n<td style=\"width: 44.6663%;\">08-687-8666<\/td>\n<\/tr>\n<tr>\n<td style=\"width: 16%;\">Kiryat Malachi<\/td>\n<td style=\"width: 30.3278%;\">2 Hanegev<\/td>\n<td style=\"width: 25.9794%;\">ashdod@moia.gov.il<\/td>\n<td style=\"width: 44.6663%;\">1599-500-914<\/td>\n<\/tr>\n<tr>\n<td style=\"width: 16%;\">Kiryat Shemona<\/td>\n<td style=\"width: 30.3278%;\">104 Tel Chai Blvd, Tzachar bldg<\/td>\n<td style=\"width: 25.9794%;\">galil.elyon@moia.gov.il<\/td>\n<td style=\"width: 44.6663%;\">073-397-3752<\/td>\n<\/tr>\n<tr>\n<td style=\"width: 16%;\">Krayot<\/td>\n<td style=\"width: 30.3278%;\">7 Hameyasdim, Kiryat Bialik<\/td>\n<td style=\"width: 25.9794%;\">KrayotContact@moia.gov.il<\/td>\n<td style=\"width: 44.6663%;\">073-397-3103<\/td>\n<\/tr>\n<tr>\n<td style=\"width: 16%;\">Ma&rsquo;alot<\/td>\n<td style=\"width: 30.3278%;\">21 Yerushalayim, HaRakafot Mall<\/td>\n<td style=\"width: 25.9794%;\">galil.elyon@moia.gov.il<\/td>\n<td style=\"width: 44.6663%;\">073-397-3652<\/td>\n<\/tr>\n<tr>\n<td style=\"width: 16%;\">Nahariya<\/td>\n<td style=\"width: 30.3278%;\">9 Haatzmaut Rd.<\/td>\n<td style=\"width: 25.9794%;\">naharia@moia.gov.il<\/td>\n<td style=\"width: 44.6663%;\">073-397-3602<\/td>\n<\/tr>\n<tr>\n<td style=\"width: 16%;\">Netanya<\/td>\n<td style=\"width: 30.3278%;\">3 Barkat<\/td>\n<td style=\"width: 25.9794%;\">netania@moia.gov.il<\/td>\n<td style=\"width: 44.6663%;\">1599-500-905<\/td>\n<\/tr>\n<tr>\n<td style=\"width: 16%;\">Petach Tivka<\/td>\n<td style=\"width: 30.3278%;\">26 Histadrut St.<\/td>\n<td style=\"width: 25.9794%;\">petach.tikva@moia.gov.il<\/td>\n<td style=\"width: 44.6663%;\">1599-500-907<\/td>\n<\/tr>\n<tr>\n<td style=\"width: 16%;\">Ramla<\/td>\n<td style=\"width: 30.3278%;\">91 Herzl, Government Precinct<\/td>\n<td style=\"width: 25.9794%;\">petach.tikva@moia.gov.il<\/td>\n<td style=\"width: 44.6663%;\">1599-500-912<\/td>\n<\/tr>\n<tr>\n<td style=\"width: 16%;\">Rehovot<\/td>\n<td style=\"width: 30.3278%;\">12 Binyamin<\/td>\n<td style=\"width: 25.9794%;\">RehovotContact@moia.gov.il<\/td>\n<td style=\"width: 44.6663%;\">073-397-4800<\/td>\n<\/tr>\n<tr>\n<td style=\"width: 16%;\">Rishon Lezion<\/td>\n<td style=\"width: 30.3278%;\">3 Israel Glili<\/td>\n<td style=\"width: 25.9794%;\">RishonLezionContact@moia.gov.il<\/td>\n<td style=\"width: 44.6663%;\">1599-500-910<\/td>\n<\/tr>\n<tr>\n<td style=\"width: 16%;\">Tzfat<\/td>\n<td style=\"width: 30.3278%;\">1 HaGdud HaShlili St., Sharei Ha&rsquo;ir Mall, 2nd floor<\/td>\n<td style=\"width: 25.9794%;\">galil.elyon@moia.gov.il<\/td>\n<td style=\"width: 44.6663%;\">073-397-3702<\/td>\n<\/tr>\n<tr>\n<td style=\"width: 16%;\">Tel Aviv<\/td>\n<td style=\"width: 30.3278%;\">6 Esther Hamalka, Tel Aviv<\/td>\n<td style=\"width: 25.9794%;\">TelavivContact@moia.gov.il<\/td>\n<td style=\"width: 44.6663%;\">1599-500-901<\/td>\n<\/tr>\n<tr>\n<td style=\"width: 16%;\">Teveria<\/td>\n<td style=\"width: 30.3278%;\">16 Yochanan ben Zakai, 2nd floor<\/td>\n<td style=\"width: 25.9794%;\">TiberiasContact@moia.gov.il<\/td>\n<td style=\"width: 44.6663%;\">073-397-3941<\/td>\n<\/tr>\n<\/tbody>\n<\/table>\n<h3>Nouveaux Plans du Gouvernement<\/h3>\n<p>En f\u00e9vrier 2024, une initiative majeure a \u00e9t\u00e9 lanc\u00e9e pour renforcer l&rsquo;accessibilit\u00e9 des infrastructures aux Olim Hadashim. Parmi les mesures, une aide mensuelle de 2 000 shekels sera vers\u00e9e pour couvrir les frais de logement dans le N\u00e9guev, la Galil\u00e9e, ou la Jud\u00e9e-Samarie pendant deux ans. Les \u00e9tudiants, quant \u00e0 eux, b\u00e9n\u00e9ficieront de frais de scolarit\u00e9 gratuits et de subventions pour le logement. Pour toute assistance ou information compl\u00e9mentaire, contactez les experts en alyah et en int\u00e9gration pour vous guider dans chaque \u00e9tape de votre transition vers une nouvelle vie en Isra\u00ebl.<\/p>\n","protected":false},"excerpt":{"rendered":"<p>Le Minist\u00e8re de l&rsquo;Alyah et de l&rsquo;Int\u00e9gration est l&rsquo;organisme gouvernemental isra\u00e9lien charg\u00e9 de faciliter l&rsquo;int\u00e9gration des nouveaux immigrants et des&#8230;<\/p>\n","protected":false},"author":43,"featured_media":42716,"parent":0,"menu_order":0,"comment_status":"open","ping_status":"open","template":"","meta":{"_acf_changed":false,"footnotes":""},"class_list":["post-71858","page","type-page","status-publish","has-post-thumbnail","hentry"],"acf":[],"yoast_head":"<!-- This site is optimized with the Yoast SEO plugin v27.1.1 - https:\/\/yoast.com\/product\/yoast-seo-wordpress\/ -->\n<title>Minist\u00e8re de l&#039;Alya et de l&#039;Int\u00e9gration ou Misrad Ha&#039;Aliyah V&#039;HaKlita | WRAI<\/title>\n<meta name=\"description\" content=\"Le Minist\u00e8re de l&#039;Alya et de l&#039;Int\u00e9gration aide les nouveaux immigrants en Isra\u00ebl avec des services de logement, une aide financi\u00e8re, l&#039;\u00e9ducation et l&#039;emploi.\" \/>\n<meta name=\"robots\" content=\"index, follow, max-snippet:-1, max-image-preview:large, max-video-preview:-1\" \/>\n<link rel=\"canonical\" href=\"https:\/\/welcome-israel.com\/fr\/ministere-de-l-alya-et-de-l-integration\" \/>\n<meta property=\"og:locale\" content=\"fr_FR\" \/>\n<meta property=\"og:type\" content=\"article\" \/>\n<meta property=\"og:title\" content=\"Minist\u00e8re de l&#039;Alya et de l&#039;Int\u00e9gration ou Misrad Ha&#039;Aliyah V&#039;HaKlita | WRAI\" \/>\n<meta property=\"og:description\" content=\"Le Minist\u00e8re de l&#039;Alya et de l&#039;Int\u00e9gration aide les nouveaux immigrants en Isra\u00ebl avec des services de logement, une aide financi\u00e8re, l&#039;\u00e9ducation et l&#039;emploi.\" \/>\n<meta property=\"og:url\" content=\"https:\/\/welcome-israel.com\/fr\/ministere-de-l-alya-et-de-l-integration\" \/>\n<meta property=\"og:site_name\" content=\"welcome-israel.com\" \/>\n<meta property=\"og:image\" content=\"https:\/\/welcome-israel.com\/wp-content\/uploads\/2024\/11\/Aliyah-Integration.png\" \/>\n\t<meta property=\"og:image:width\" content=\"1158\" \/>\n\t<meta property=\"og:image:height\" content=\"803\" \/>\n\t<meta property=\"og:image:type\" content=\"image\/png\" \/>\n<meta name=\"twitter:card\" content=\"summary_large_image\" \/>\n<meta name=\"twitter:label1\" content=\"Dur\u00e9e de lecture estim\u00e9e\" \/>\n\t<meta name=\"twitter:data1\" content=\"4 minutes\" \/>\n<script type=\"application\/ld+json\" class=\"yoast-schema-graph\">{\"@context\":\"https:\/\/schema.org\",\"@graph\":[{\"@type\":\"WebPage\",\"@id\":\"https:\/\/welcome-israel.com\/fr\/ministere-de-l-alya-et-de-l-integration\",\"url\":\"https:\/\/welcome-israel.com\/fr\/ministere-de-l-alya-et-de-l-integration\",\"name\":\"Minist\u00e8re de l'Alya et de l'Int\u00e9gration ou Misrad Ha'Aliyah V'HaKlita | WRAI\",\"isPartOf\":{\"@id\":\"https:\/\/welcome-israel.com\/fr#website\"},\"primaryImageOfPage\":{\"@id\":\"https:\/\/welcome-israel.com\/fr\/ministere-de-l-alya-et-de-l-integration#primaryimage\"},\"image\":{\"@id\":\"https:\/\/welcome-israel.com\/fr\/ministere-de-l-alya-et-de-l-integration#primaryimage\"},\"thumbnailUrl\":\"https:\/\/welcome-israel.com\/wp-content\/uploads\/2024\/11\/Aliyah-Integration.png\",\"datePublished\":\"2024-12-09T08:09:21+00:00\",\"description\":\"Le Minist\u00e8re de l'Alya et de l'Int\u00e9gration aide les nouveaux immigrants en Isra\u00ebl avec des services de logement, une aide financi\u00e8re, l'\u00e9ducation et l'emploi.\",\"breadcrumb\":{\"@id\":\"https:\/\/welcome-israel.com\/fr\/ministere-de-l-alya-et-de-l-integration#breadcrumb\"},\"inLanguage\":\"fr-FR\",\"potentialAction\":[{\"@type\":\"ReadAction\",\"target\":[\"https:\/\/welcome-israel.com\/fr\/ministere-de-l-alya-et-de-l-integration\"]}]},{\"@type\":\"ImageObject\",\"inLanguage\":\"fr-FR\",\"@id\":\"https:\/\/welcome-israel.com\/fr\/ministere-de-l-alya-et-de-l-integration#primaryimage\",\"url\":\"https:\/\/welcome-israel.com\/wp-content\/uploads\/2024\/11\/Aliyah-Integration.png\",\"contentUrl\":\"https:\/\/welcome-israel.com\/wp-content\/uploads\/2024\/11\/Aliyah-Integration.png\",\"width\":1158,\"height\":803},{\"@type\":\"BreadcrumbList\",\"@id\":\"https:\/\/welcome-israel.com\/fr\/ministere-de-l-alya-et-de-l-integration#breadcrumb\",\"itemListElement\":[{\"@type\":\"ListItem\",\"position\":1,\"name\":\"Home\",\"item\":\"https:\/\/welcome-israel.com\/fr\"},{\"@type\":\"ListItem\",\"position\":2,\"name\":\"Minist\u00e8re de l'alya et de l'int\u00e9gration\"}]},{\"@type\":\"WebSite\",\"@id\":\"https:\/\/welcome-israel.com\/fr#website\",\"url\":\"https:\/\/welcome-israel.com\/fr\",\"name\":\"welcome-israel.com\",\"description\":\"\",\"potentialAction\":[{\"@type\":\"SearchAction\",\"target\":{\"@type\":\"EntryPoint\",\"urlTemplate\":\"https:\/\/welcome-israel.com\/fr?s={search_term_string}\"},\"query-input\":{\"@type\":\"PropertyValueSpecification\",\"valueRequired\":true,\"valueName\":\"search_term_string\"}}],\"inLanguage\":\"fr-FR\"}]}<\/script>\n<!-- \/ Yoast SEO plugin. -->","yoast_head_json":{"title":"Minist\u00e8re de l'Alya et de l'Int\u00e9gration ou Misrad Ha'Aliyah V'HaKlita | WRAI","description":"Le Minist\u00e8re de l'Alya et de l'Int\u00e9gration aide les nouveaux immigrants en Isra\u00ebl avec des services de logement, une aide financi\u00e8re, l'\u00e9ducation et l'emploi.","robots":{"index":"index","follow":"follow","max-snippet":"max-snippet:-1","max-image-preview":"max-image-preview:large","max-video-preview":"max-video-preview:-1"},"canonical":"https:\/\/welcome-israel.com\/fr\/ministere-de-l-alya-et-de-l-integration","og_locale":"fr_FR","og_type":"article","og_title":"Minist\u00e8re de l'Alya et de l'Int\u00e9gration ou Misrad Ha'Aliyah V'HaKlita | WRAI","og_description":"Le Minist\u00e8re de l'Alya et de l'Int\u00e9gration aide les nouveaux immigrants en Isra\u00ebl avec des services de logement, une aide financi\u00e8re, l'\u00e9ducation et l'emploi.","og_url":"https:\/\/welcome-israel.com\/fr\/ministere-de-l-alya-et-de-l-integration","og_site_name":"welcome-israel.com","og_image":[{"width":1158,"height":803,"url":"https:\/\/welcome-israel.com\/wp-content\/uploads\/2024\/11\/Aliyah-Integration.png","type":"image\/png"}],"twitter_card":"summary_large_image","twitter_misc":{"Dur\u00e9e de lecture estim\u00e9e":"4 minutes"},"schema":{"@context":"https:\/\/schema.org","@graph":[{"@type":"WebPage","@id":"https:\/\/welcome-israel.com\/fr\/ministere-de-l-alya-et-de-l-integration","url":"https:\/\/welcome-israel.com\/fr\/ministere-de-l-alya-et-de-l-integration","name":"Minist\u00e8re de l'Alya et de l'Int\u00e9gration ou Misrad Ha'Aliyah V'HaKlita | WRAI","isPartOf":{"@id":"https:\/\/welcome-israel.com\/fr#website"},"primaryImageOfPage":{"@id":"https:\/\/welcome-israel.com\/fr\/ministere-de-l-alya-et-de-l-integration#primaryimage"},"image":{"@id":"https:\/\/welcome-israel.com\/fr\/ministere-de-l-alya-et-de-l-integration#primaryimage"},"thumbnailUrl":"https:\/\/welcome-israel.com\/wp-content\/uploads\/2024\/11\/Aliyah-Integration.png","datePublished":"2024-12-09T08:09:21+00:00","description":"Le Minist\u00e8re de l'Alya et de l'Int\u00e9gration aide les nouveaux immigrants en Isra\u00ebl avec des services de logement, une aide financi\u00e8re, l'\u00e9ducation et l'emploi.","breadcrumb":{"@id":"https:\/\/welcome-israel.com\/fr\/ministere-de-l-alya-et-de-l-integration#breadcrumb"},"inLanguage":"fr-FR","potentialAction":[{"@type":"ReadAction","target":["https:\/\/welcome-israel.com\/fr\/ministere-de-l-alya-et-de-l-integration"]}]},{"@type":"ImageObject","inLanguage":"fr-FR","@id":"https:\/\/welcome-israel.com\/fr\/ministere-de-l-alya-et-de-l-integration#primaryimage","url":"https:\/\/welcome-israel.com\/wp-content\/uploads\/2024\/11\/Aliyah-Integration.png","contentUrl":"https:\/\/welcome-israel.com\/wp-content\/uploads\/2024\/11\/Aliyah-Integration.png","width":1158,"height":803},{"@type":"BreadcrumbList","@id":"https:\/\/welcome-israel.com\/fr\/ministere-de-l-alya-et-de-l-integration#breadcrumb","itemListElement":[{"@type":"ListItem","position":1,"name":"Home","item":"https:\/\/welcome-israel.com\/fr"},{"@type":"ListItem","position":2,"name":"Minist\u00e8re de l'alya et de l'int\u00e9gration"}]},{"@type":"WebSite","@id":"https:\/\/welcome-israel.com\/fr#website","url":"https:\/\/welcome-israel.com\/fr","name":"welcome-israel.com","description":"","potentialAction":[{"@type":"SearchAction","target":{"@type":"EntryPoint","urlTemplate":"https:\/\/welcome-israel.com\/fr?s={search_term_string}"},"query-input":{"@type":"PropertyValueSpecification","valueRequired":true,"valueName":"search_term_string"}}],"inLanguage":"fr-FR"}]}},"_links":{"self":[{"href":"https:\/\/welcome-israel.com\/fr\/wp-json\/wp\/v2\/pages\/71858","targetHints":{"allow":["GET"]}}],"collection":[{"href":"https:\/\/welcome-israel.com\/fr\/wp-json\/wp\/v2\/pages"}],"about":[{"href":"https:\/\/welcome-israel.com\/fr\/wp-json\/wp\/v2\/types\/page"}],"author":[{"embeddable":true,"href":"https:\/\/welcome-israel.com\/fr\/wp-json\/wp\/v2\/users\/43"}],"replies":[{"embeddable":true,"href":"https:\/\/welcome-israel.com\/fr\/wp-json\/wp\/v2\/comments?post=71858"}],"version-history":[{"count":3,"href":"https:\/\/welcome-israel.com\/fr\/wp-json\/wp\/v2\/pages\/71858\/revisions"}],"predecessor-version":[{"id":96701,"href":"https:\/\/welcome-israel.com\/fr\/wp-json\/wp\/v2\/pages\/71858\/revisions\/96701"}],"wp:featuredmedia":[{"embeddable":true,"href":"https:\/\/welcome-israel.com\/fr\/wp-json\/wp\/v2\/media\/42716"}],"wp:attachment":[{"href":"https:\/\/welcome-israel.com\/fr\/wp-json\/wp\/v2\/media?parent=71858"}],"curies":[{"name":"wp","href":"https:\/\/api.w.org\/{rel}","templated":true}]}}