{"id":71265,"date":"2024-12-09T11:11:37","date_gmt":"2024-12-09T08:11:37","guid":{"rendered":"https:\/\/welcome-israel.com\/?p=71265"},"modified":"2024-12-09T11:11:37","modified_gmt":"2024-12-09T08:11:37","slug":"le-sherut-leumi","status":"publish","type":"page","link":"https:\/\/welcome-israel.com\/fr\/le-sherut-leumi","title":{"rendered":"Le Sherut Leumi"},"content":{"rendered":"<p>Le Sherut Leumi est une alternative au service militaire obligatoire. Les jeunes hommes et femmes peuvent s&rsquo;engager dans ce service au sein des services de s\u00e9curit\u00e9 isra\u00e9liens et des organisations d\u2019int\u00e9gration des rapatri\u00e9s. Il est \u00e9galement possible de servir dans des \u00e9tablissements \u00e9ducatifs, m\u00e9dicaux et de soins aux personnes \u00e2g\u00e9es.<\/p>\n<h2>Qu&rsquo;est-ce que le Sherut Leumi?<\/h2>\n<p>Le Sherut Leumi est un programme en Isra\u00ebl qui propose un service alternatif pour les jeunes ne pouvant ou ne souhaitant pas effectuer un service militaire. Ce service s&rsquo;adresse \u00e0 ceux qui, pour diverses raisons (convictions religieuses, probl\u00e8mes de sant\u00e9 ou circonstances personnelles), pr\u00e9f\u00e8rent une autre voie.<\/p>\n<p><span style=\"font-weight: 400;\"><div class=\"banner-full-support\">\n    <div class=\"banner-full-support__inner\">\n        <div class=\"banner-full-support__title\">Soutien complet \u00e0 toutes les \u00e9tapes de la r\u00e9patriation, y compris en Isra\u00ebl<\/div>\n        <div class=\"banner-full-support__description\">Vous devez seulement soumettre les documents<\/div>\n        <a href=\"javascript:;\" data-fancybox data-src=\"#consult\" data-modal=\"true\" class=\"button button-white\">Laissez une demande<\/a>\n    <\/div>\n<\/div><\/span><\/p>\n<p>Ce programme, d&rsquo;une dur\u00e9e de 1 \u00e0 2 ans, permet de travailler sur divers projets sociaux, \u00e9ducatifs ou culturels, tels que l\u2019aide dans des centres communautaires, le soutien aux enfants ou aux personnes \u00e2g\u00e9es, ou la participation \u00e0 des programmes \u00e9ducatifs. Les participants contribuent \u00e0 la soci\u00e9t\u00e9 tout en d\u00e9veloppant des comp\u00e9tences personnelles et professionnelles utiles pour leur avenir.<\/p>\n<h2>Histoire et \u00e9volution<\/h2>\n<p>Apr\u00e8s la cr\u00e9ation de l\u2019\u00c9tat d\u2019Isra\u00ebl en 1948, le service militaire est devenu obligatoire pour tous les citoyens. Cependant, rapidement, certains groupes ont exprim\u00e9 des objections pour des raisons religieuses, id\u00e9ologiques ou politiques.<\/p>\n<p>En 1974, le Sherut Leumi a \u00e9t\u00e9 cr\u00e9\u00e9 pour r\u00e9pondre \u00e0 ces besoins. Ce programme a offert aux jeunes Isra\u00e9liens, religieux ou la\u00efcs, une possibilit\u00e9 de service civil dans des domaines tels que les services sociaux, l\u2019\u00e9ducation et la sant\u00e9. Cela a marqu\u00e9 une avanc\u00e9e importante pour la reconnaissance des droits et libert\u00e9s individuelles au sein de la soci\u00e9t\u00e9 isra\u00e9lienne.<\/p>\n<p><span style=\"font-weight: 400;\"><div class=\"text_dashed\">La dur\u00e9e du service Sherut Leumi varie entre 18 mois et 2 ans selon les t\u00e2ches et exigences. Les participants s\u2019impliquent dans une vari\u00e9t\u00e9 de projets, dont:<\/span><span style=\"font-weight: 400;\"><\/div><\/span><span style=\"font-weight: 400;\"><div class=\"list__check\"><\/span><\/p>\n<ul>\n<li><strong>\u00c9ducation<\/strong> : Travail dans les \u00e9coles et institutions \u00e9ducatives, aide aux enseignants et soutien aux \u00e9l\u00e8ves.<\/li>\n<li><strong>Services sociaux<\/strong> : Assistance aux groupes vuln\u00e9rables, travail dans des centres pour jeunes ou des foyers d\u2019accueil.<\/li>\n<li><strong>Sant\u00e9<\/strong> : Assistance dans les h\u00f4pitaux, centres m\u00e9dicaux et institutions de sant\u00e9 mentale.<\/li>\n<li><strong>Environnement<\/strong> : Participation \u00e0 des projets de protection de l\u2019environnement et d\u2019initiatives \u00e9cologiques.<\/div><\/li>\n<\/ul>\n<p>Le Sherut Leumi permet aux jeunes de contribuer \u00e0 la soci\u00e9t\u00e9, de d\u00e9velopper des comp\u00e9tences personnelles et professionnelles, et de favoriser la coh\u00e9sion entre diff\u00e9rents groupes sociaux.<\/p>\n<p><span style=\"font-weight: 400;\"><div class=\"single-consultation__form-wrap\">\n    <div class=\"single-consultation__form-inner\"><\/div>\n    <div class=\"consultation-title\">Obtenez une consultation gratuite d'un sp\u00e9cialiste de la citoyennet\u00e9 isra\u00e9lienne<\/div>\n    <div class=\"single-consultation__form-grid\">\n        \n<div class=\"wpcf7 no-js\" id=\"wpcf7-f15127-o1\" lang=\"fr-FR\" dir=\"ltr\" data-wpcf7-id=\"15127\">\n<div class=\"screen-reader-response\"><p role=\"status\" aria-live=\"polite\" aria-atomic=\"true\"><\/p> <ul><\/ul><\/div>\n<form action=\"\/fr\/wp-json\/wp\/v2\/pages\/71265#wpcf7-f15127-o1\" method=\"post\" class=\"wpcf7-form init\" aria-label=\"Formulaire de contact\" novalidate=\"novalidate\" data-status=\"init\">\n<fieldset class=\"hidden-fields-container\"><input type=\"hidden\" name=\"_wpcf7\" value=\"15127\" \/><input type=\"hidden\" name=\"_wpcf7_version\" value=\"6.1.5\" \/><input type=\"hidden\" name=\"_wpcf7_locale\" value=\"fr_FR\" \/><input type=\"hidden\" name=\"_wpcf7_unit_tag\" value=\"wpcf7-f15127-o1\" \/><input type=\"hidden\" name=\"_wpcf7_container_post\" value=\"0\" \/><input type=\"hidden\" name=\"_wpcf7_posted_data_hash\" value=\"\" \/><input type=\"hidden\" name=\"_wpcf7_recaptcha_response\" value=\"\" \/>\n<\/fieldset>\n<div class=\"single-consultation__form-column\">\n<span class=\"wpcf7-form-control-wrap\" data-name=\"your-name\"><input size=\"40\" maxlength=\"400\" class=\"wpcf7-form-control wpcf7-text wpcf7-validates-as-required get__consultation-form-input\" aria-required=\"true\" aria-invalid=\"false\" placeholder=\"Nom\" value=\"\" type=\"text\" name=\"your-name\" \/><\/span>\n<span class=\"wpcf7-form-control-wrap\" data-name=\"your-email\"><input size=\"40\" maxlength=\"400\" class=\"wpcf7-form-control wpcf7-email wpcf7-validates-as-required wpcf7-text wpcf7-validates-as-email get__consultation-form-input\" aria-required=\"true\" aria-invalid=\"false\" placeholder=\"E-mail\" value=\"\" type=\"email\" name=\"your-email\" \/><\/span>\n<div class=\"get__consultation-form-input_wrap\">\n<span class=\"wpcf7-form-control-wrap\" data-name=\"your-phone\"><input size=\"40\" maxlength=\"400\" class=\"wpcf7-form-control wpcf7-tel wpcf7-validates-as-required wpcf7-text wpcf7-validates-as-tel get__consultation-form-input masked__phone-input\" aria-required=\"true\" aria-invalid=\"false\" placeholder=\"Num\u00e9ro de t\u00e9l\u00e9phone\" value=\"\" type=\"tel\" name=\"your-phone\" \/><\/span>\n<label class=\"consultation-form-label consultation-form-checkbox-light consultation-form-primary-number\">\n<span class=\"wpcf7-form-control-wrap\" data-name=\"primary-number\"><span class=\"wpcf7-form-control wpcf7-acceptance\"><span class=\"wpcf7-list-item\"><label><input type=\"checkbox\" name=\"primary-number\" value=\"1\" checked=\"checked\" class=\"processing__personal__data\" aria-invalid=\"false\" \/><span class=\"wpcf7-list-item-label\">Je confirme que ce nombre est ma principale<\/span><\/label><\/span><\/span><\/span>\n<\/label>\n<\/div>\n<\/div>\n<div class=\"single-consultation__form-row\">\n<button type=\"submit\" class=\"button button-white wpcf7-submit\">Obtenez une consultation<\/button>\n<label class=\"consultation-form-label consultation-form-checkbox-light\">\n<span class=\"wpcf7-form-control-wrap\" data-name=\"Processing-of-personal-data\"><span class=\"wpcf7-form-control wpcf7-acceptance\"><span class=\"wpcf7-list-item\"><label><input type=\"checkbox\" name=\"Processing-of-personal-data\" value=\"1\" checked=\"checked\" class=\"processing__personal__data\" aria-invalid=\"false\" \/><span class=\"wpcf7-list-item-label\">En cliquant sur le bouton de soumission, vous \u00eates d'accord\nau traitement des donn\u00e9es \u00e0 caract\u00e8re personnel<\/span><\/label><\/span><\/span><\/span>\n<\/label>\n<\/div><div class=\"wpcf7-response-output\" aria-hidden=\"true\"><\/div>\n<\/form>\n<\/div>\n\n    <\/div>\n<\/div><\/span><\/p>\n<h2>Domaines d\u2019intervention principaux<\/h2>\n<p><span style=\"font-weight: 400;\"><div class=\"block-image__wrapper\"><figure><a href=\"https:\/\/welcome-israel.com\/wp-content\/uploads\/2024\/12\/sherut-leumii.jpg\" data-fancybox><img decoding=\"async\" src=\"https:\/\/welcome-israel.com\/wp-content\/cache\/thumb\/56\/bdb5a05b05d7056_430x0.webp\" alt=\"\" title=\"\"><\/a><\/figure><div class=\"block-image__content\"><\/p>\n<p>L\u2019\u00e9ducation est un domaine cl\u00e9. Les volontaires peuvent travailler dans des jardins d\u2019enfants, \u00e9coles et centres \u00e9ducatifs, en soutenant les activit\u00e9s p\u00e9dagogiques et en aidant \u00e0 la socialisation des jeunes.<\/p>\n<p>Dans le domaine social, ils interviennent dans des maisons de retraite, centres de r\u00e9habilitation ou institutions pour personnes handicap\u00e9es, o\u00f9 ils apportent aide et r\u00e9confort. <\/div><\/div><\/span><\/p>\n<p><span style=\"font-weight: 400;\"><div class=\"text_highlight\">La sant\u00e9 est \u00e9galement une priorit\u00e9. Les volontaires aident dans les h\u00f4pitaux, centres m\u00e9dicaux et campagnes de sensibilisation \u00e0 la pr\u00e9vention des maladies. Ils participent \u00e0 l\u2019organisation de bilans de sant\u00e9 et soutiennent les patients.<\/span><span style=\"font-weight: 400;\"><\/div><\/span><\/p>\n<h2>Avantages de la participation<\/h2>\n<p>Les participants au Sherut Leumi b\u00e9n\u00e9ficient de plusieurs avantages :<\/p>\n<ul>\n<li>Contribution \u00e0 la soci\u00e9t\u00e9 et soutien aux personnes dans le besoin.<\/li>\n<li>D\u00e9veloppement de comp\u00e9tences utiles pour leur avenir professionnel et personnel.<\/li>\n<li>Soutien financier, incluant une allocation mensuelle et des r\u00e9ductions sur les frais de transport et de logement.<\/li>\n<\/ul>\n<p><span style=\"font-weight: 400;\"><div class=\"text_dashed\">Le programme offre \u00e9galement une immersion dans diff\u00e9rentes cultures et communaut\u00e9s d\u2019Isra\u00ebl, favorisant l\u2019ouverture d\u2019esprit et les comp\u00e9tences interpersonnelles.<\/span><span style=\"font-weight: 400;\"><\/div><\/span><\/p>\n<h3>Processus de candidature<\/h3>\n<p>Pour postuler, rendez-vous sur <a href=\"https:\/\/sherut-leumi.co.il\/\" target=\"_blank\" rel=\"noopener\">le site officiel<\/a> pour consulter les programmes disponibles et cr\u00e9er un compte. Il faudra fournir des informations personnelles (nom, coordonn\u00e9es, date de naissance, etc.), des d\u00e9tails sur votre parcours scolaire, et parfois une lettre de motivation. Apr\u00e8s l\u2019envoi du dossier, un entretien (en pr\u00e9sentiel ou en ligne) sera organis\u00e9 pour discuter de vos motivations et de vos int\u00e9r\u00eats.<\/p>\n<p>Le Sherut Leumi est une opportunit\u00e9 unique de contribuer \u00e0 la soci\u00e9t\u00e9 isra\u00e9lienne, d\u2019acqu\u00e9rir une exp\u00e9rience pr\u00e9cieuse et d\u2019explorer de nouveaux horizons.<\/p>\n","protected":false},"excerpt":{"rendered":"<p>Le Sherut Leumi est une alternative au service militaire obligatoire. Les jeunes hommes et femmes peuvent s&rsquo;engager dans ce service&#8230;<\/p>\n","protected":false},"author":43,"featured_media":70826,"parent":0,"menu_order":0,"comment_status":"open","ping_status":"open","template":"","meta":{"_acf_changed":false,"footnotes":""},"class_list":["post-71265","page","type-page","status-publish","has-post-thumbnail","hentry"],"acf":[],"yoast_head":"<!-- This site is optimized with the Yoast SEO plugin v27.1.1 - https:\/\/yoast.com\/product\/yoast-seo-wordpress\/ -->\n<title>Sherut Leumi - Service alternatif pour les jeunes en Isra\u00ebl<\/title>\n<meta name=\"description\" content=\"Sherut Leumi offre aux jeunes en Isra\u00ebl une alternative au service militaire, avec des opportunit\u00e9s dans les domaines de l\u2019\u00e9ducation, de la sant\u00e9, du travail social, et bien d&#039;autres.\" \/>\n<meta name=\"robots\" content=\"index, follow, max-snippet:-1, max-image-preview:large, max-video-preview:-1\" \/>\n<link rel=\"canonical\" href=\"https:\/\/welcome-israel.com\/fr\/le-sherut-leumi\" \/>\n<meta property=\"og:locale\" content=\"fr_FR\" \/>\n<meta property=\"og:type\" content=\"article\" \/>\n<meta property=\"og:title\" content=\"Sherut Leumi - Service alternatif pour les jeunes en Isra\u00ebl\" \/>\n<meta property=\"og:description\" content=\"Sherut Leumi offre aux jeunes en Isra\u00ebl une alternative au service militaire, avec des opportunit\u00e9s dans les domaines de l\u2019\u00e9ducation, de la sant\u00e9, du travail social, et bien d&#039;autres.\" \/>\n<meta property=\"og:url\" content=\"https:\/\/welcome-israel.com\/fr\/le-sherut-leumi\" \/>\n<meta property=\"og:site_name\" content=\"welcome-israel.com\" \/>\n<meta property=\"og:image\" content=\"https:\/\/welcome-israel.com\/wp-content\/uploads\/2024\/12\/sherut-leumi.jpg\" \/>\n\t<meta property=\"og:image:width\" content=\"500\" \/>\n\t<meta property=\"og:image:height\" content=\"334\" \/>\n\t<meta property=\"og:image:type\" content=\"image\/jpeg\" \/>\n<meta name=\"twitter:card\" content=\"summary_large_image\" \/>\n<meta name=\"twitter:label1\" content=\"Dur\u00e9e de lecture estim\u00e9e\" \/>\n\t<meta name=\"twitter:data1\" content=\"4 minutes\" \/>\n<script type=\"application\/ld+json\" class=\"yoast-schema-graph\">{\"@context\":\"https:\/\/schema.org\",\"@graph\":[{\"@type\":\"WebPage\",\"@id\":\"https:\/\/welcome-israel.com\/fr\/le-sherut-leumi\",\"url\":\"https:\/\/welcome-israel.com\/fr\/le-sherut-leumi\",\"name\":\"Sherut Leumi - Service alternatif pour les jeunes en Isra\u00ebl\",\"isPartOf\":{\"@id\":\"https:\/\/welcome-israel.com\/fr#website\"},\"primaryImageOfPage\":{\"@id\":\"https:\/\/welcome-israel.com\/fr\/le-sherut-leumi#primaryimage\"},\"image\":{\"@id\":\"https:\/\/welcome-israel.com\/fr\/le-sherut-leumi#primaryimage\"},\"thumbnailUrl\":\"https:\/\/welcome-israel.com\/wp-content\/uploads\/2024\/12\/sherut-leumi.jpg\",\"datePublished\":\"2024-12-09T08:11:37+00:00\",\"description\":\"Sherut Leumi offre aux jeunes en Isra\u00ebl une alternative au service militaire, avec des opportunit\u00e9s dans les domaines de l\u2019\u00e9ducation, de la sant\u00e9, du travail social, et bien d'autres.\",\"breadcrumb\":{\"@id\":\"https:\/\/welcome-israel.com\/fr\/le-sherut-leumi#breadcrumb\"},\"inLanguage\":\"fr-FR\",\"potentialAction\":[{\"@type\":\"ReadAction\",\"target\":[\"https:\/\/welcome-israel.com\/fr\/le-sherut-leumi\"]}]},{\"@type\":\"ImageObject\",\"inLanguage\":\"fr-FR\",\"@id\":\"https:\/\/welcome-israel.com\/fr\/le-sherut-leumi#primaryimage\",\"url\":\"https:\/\/welcome-israel.com\/wp-content\/uploads\/2024\/12\/sherut-leumi.jpg\",\"contentUrl\":\"https:\/\/welcome-israel.com\/wp-content\/uploads\/2024\/12\/sherut-leumi.jpg\",\"width\":500,\"height\":334},{\"@type\":\"BreadcrumbList\",\"@id\":\"https:\/\/welcome-israel.com\/fr\/le-sherut-leumi#breadcrumb\",\"itemListElement\":[{\"@type\":\"ListItem\",\"position\":1,\"name\":\"Home\",\"item\":\"https:\/\/welcome-israel.com\/fr\"},{\"@type\":\"ListItem\",\"position\":2,\"name\":\"Le Sherut Leumi\"}]},{\"@type\":\"WebSite\",\"@id\":\"https:\/\/welcome-israel.com\/fr#website\",\"url\":\"https:\/\/welcome-israel.com\/fr\",\"name\":\"welcome-israel.com\",\"description\":\"\",\"potentialAction\":[{\"@type\":\"SearchAction\",\"target\":{\"@type\":\"EntryPoint\",\"urlTemplate\":\"https:\/\/welcome-israel.com\/fr?s={search_term_string}\"},\"query-input\":{\"@type\":\"PropertyValueSpecification\",\"valueRequired\":true,\"valueName\":\"search_term_string\"}}],\"inLanguage\":\"fr-FR\"}]}<\/script>\n<!-- \/ Yoast SEO plugin. -->","yoast_head_json":{"title":"Sherut Leumi - Service alternatif pour les jeunes en Isra\u00ebl","description":"Sherut Leumi offre aux jeunes en Isra\u00ebl une alternative au service militaire, avec des opportunit\u00e9s dans les domaines de l\u2019\u00e9ducation, de la sant\u00e9, du travail social, et bien d'autres.","robots":{"index":"index","follow":"follow","max-snippet":"max-snippet:-1","max-image-preview":"max-image-preview:large","max-video-preview":"max-video-preview:-1"},"canonical":"https:\/\/welcome-israel.com\/fr\/le-sherut-leumi","og_locale":"fr_FR","og_type":"article","og_title":"Sherut Leumi - Service alternatif pour les jeunes en Isra\u00ebl","og_description":"Sherut Leumi offre aux jeunes en Isra\u00ebl une alternative au service militaire, avec des opportunit\u00e9s dans les domaines de l\u2019\u00e9ducation, de la sant\u00e9, du travail social, et bien d'autres.","og_url":"https:\/\/welcome-israel.com\/fr\/le-sherut-leumi","og_site_name":"welcome-israel.com","og_image":[{"width":500,"height":334,"url":"https:\/\/welcome-israel.com\/wp-content\/uploads\/2024\/12\/sherut-leumi.jpg","type":"image\/jpeg"}],"twitter_card":"summary_large_image","twitter_misc":{"Dur\u00e9e de lecture estim\u00e9e":"4 minutes"},"schema":{"@context":"https:\/\/schema.org","@graph":[{"@type":"WebPage","@id":"https:\/\/welcome-israel.com\/fr\/le-sherut-leumi","url":"https:\/\/welcome-israel.com\/fr\/le-sherut-leumi","name":"Sherut Leumi - Service alternatif pour les jeunes en Isra\u00ebl","isPartOf":{"@id":"https:\/\/welcome-israel.com\/fr#website"},"primaryImageOfPage":{"@id":"https:\/\/welcome-israel.com\/fr\/le-sherut-leumi#primaryimage"},"image":{"@id":"https:\/\/welcome-israel.com\/fr\/le-sherut-leumi#primaryimage"},"thumbnailUrl":"https:\/\/welcome-israel.com\/wp-content\/uploads\/2024\/12\/sherut-leumi.jpg","datePublished":"2024-12-09T08:11:37+00:00","description":"Sherut Leumi offre aux jeunes en Isra\u00ebl une alternative au service militaire, avec des opportunit\u00e9s dans les domaines de l\u2019\u00e9ducation, de la sant\u00e9, du travail social, et bien d'autres.","breadcrumb":{"@id":"https:\/\/welcome-israel.com\/fr\/le-sherut-leumi#breadcrumb"},"inLanguage":"fr-FR","potentialAction":[{"@type":"ReadAction","target":["https:\/\/welcome-israel.com\/fr\/le-sherut-leumi"]}]},{"@type":"ImageObject","inLanguage":"fr-FR","@id":"https:\/\/welcome-israel.com\/fr\/le-sherut-leumi#primaryimage","url":"https:\/\/welcome-israel.com\/wp-content\/uploads\/2024\/12\/sherut-leumi.jpg","contentUrl":"https:\/\/welcome-israel.com\/wp-content\/uploads\/2024\/12\/sherut-leumi.jpg","width":500,"height":334},{"@type":"BreadcrumbList","@id":"https:\/\/welcome-israel.com\/fr\/le-sherut-leumi#breadcrumb","itemListElement":[{"@type":"ListItem","position":1,"name":"Home","item":"https:\/\/welcome-israel.com\/fr"},{"@type":"ListItem","position":2,"name":"Le Sherut Leumi"}]},{"@type":"WebSite","@id":"https:\/\/welcome-israel.com\/fr#website","url":"https:\/\/welcome-israel.com\/fr","name":"welcome-israel.com","description":"","potentialAction":[{"@type":"SearchAction","target":{"@type":"EntryPoint","urlTemplate":"https:\/\/welcome-israel.com\/fr?s={search_term_string}"},"query-input":{"@type":"PropertyValueSpecification","valueRequired":true,"valueName":"search_term_string"}}],"inLanguage":"fr-FR"}]}},"_links":{"self":[{"href":"https:\/\/welcome-israel.com\/fr\/wp-json\/wp\/v2\/pages\/71265","targetHints":{"allow":["GET"]}}],"collection":[{"href":"https:\/\/welcome-israel.com\/fr\/wp-json\/wp\/v2\/pages"}],"about":[{"href":"https:\/\/welcome-israel.com\/fr\/wp-json\/wp\/v2\/types\/page"}],"author":[{"embeddable":true,"href":"https:\/\/welcome-israel.com\/fr\/wp-json\/wp\/v2\/users\/43"}],"replies":[{"embeddable":true,"href":"https:\/\/welcome-israel.com\/fr\/wp-json\/wp\/v2\/comments?post=71265"}],"version-history":[{"count":3,"href":"https:\/\/welcome-israel.com\/fr\/wp-json\/wp\/v2\/pages\/71265\/revisions"}],"predecessor-version":[{"id":96702,"href":"https:\/\/welcome-israel.com\/fr\/wp-json\/wp\/v2\/pages\/71265\/revisions\/96702"}],"wp:featuredmedia":[{"embeddable":true,"href":"https:\/\/welcome-israel.com\/fr\/wp-json\/wp\/v2\/media\/70826"}],"wp:attachment":[{"href":"https:\/\/welcome-israel.com\/fr\/wp-json\/wp\/v2\/media?parent=71265"}],"curies":[{"name":"wp","href":"https:\/\/api.w.org\/{rel}","templated":true}]}}