{"id":39478,"date":"2024-10-21T10:34:24","date_gmt":"2024-10-21T07:34:24","guid":{"rendered":"https:\/\/welcome-israel.com\/?page_id=39478"},"modified":"2024-10-21T10:34:24","modified_gmt":"2024-10-21T07:34:24","slug":"ambassade-d-israel-a-paris","status":"publish","type":"page","link":"https:\/\/welcome-israel.com\/fr\/ambassade-d-israel-a-paris","title":{"rendered":"Ambassade d'Isra\u00ebl \u00e0 Paris"},"content":{"rendered":"<p>L&rsquo;ambassade d&rsquo;Isra\u00ebl \u00e0 Paris est l&rsquo;une des missions diplomatiques les plus importantes et les plus significatives de ce pays. Elle s&rsquo;occupe des questions li\u00e9es aux visas et aux processus de migration, et fournit des services d&rsquo;enregistrement et de l\u00e9galisation de documents.<\/p>\n<h2>Carte et itin\u00e9raire<\/h2>\n<table style=\"border-collapse: collapse; width: 100%; height: 226px;\">\n<tbody>\n<tr style=\"height: 24px;\">\n<td style=\"width: 50%; height: 24px;\">Pays<\/td>\n<td style=\"width: 50%; height: 24px;\">France<\/td>\n<\/tr>\n<tr style=\"height: 24px;\">\n<td style=\"width: 50%; height: 24px;\">Ville<\/td>\n<td style=\"width: 50%; height: 24px;\">Paris<\/td>\n<\/tr>\n<tr style=\"height: 24px;\">\n<td style=\"width: 50%; height: 24px;\">Adresse<\/td>\n<td style=\"width: 50%; height: 24px;\">3 rue Rabelais<\/td>\n<\/tr>\n<tr style=\"height: 24px;\">\n<td style=\"width: 50%; height: 24px;\">Jours ouvrables<\/td>\n<td style=\"width: 50%; height: 24px;\">Lundi &#8211; Vendredi<\/td>\n<\/tr>\n<tr style=\"height: 24px;\">\n<td style=\"width: 50%; height: 24px;\">Heures de travail<\/td>\n<td style=\"width: 50%; height: 24px;\">9:00 &#8211; 18:30 Lun-Jeu, 9:00 &#8211; 15:30 Vendredi<\/td>\n<\/tr>\n<tr style=\"height: 24px;\">\n<td style=\"width: 50%; height: 24px;\">T\u00e9l\u00e9phone<\/td>\n<td style=\"width: 50%; height: 24px;\">+33 0140 76 55 13<\/td>\n<\/tr>\n<tr style=\"height: 24px;\">\n<td style=\"width: 50%; height: 24px;\">Fax<\/td>\n<td style=\"width: 50%; height: 24px;\">+33 1 40 76 55 55<\/td>\n<\/tr>\n<tr style=\"height: 24px;\">\n<td style=\"width: 50%; height: 24px;\">Courriel<\/td>\n<td style=\"width: 50%; height: 24px;\">consularinfo@paris.mfa.gov.il<\/td>\n<\/tr>\n<tr style=\"height: 24px;\">\n<td style=\"width: 50%; height: 24px;\">Site web<\/td>\n<td style=\"width: 50%; height: 24px;\"><a href=\"https:\/\/embassies.gov.il\/paris\/Pages\/default.aspx\">https:\/\/embassies.gov.il\/paris\/Pages\/default.aspx<\/a><\/td>\n<\/tr>\n<tr style=\"height: 10px;\">\n<td style=\"width: 50%; height: 10px;\">D\u00e9calage horaire entre J\u00e9rusalem et Paris<\/td>\n<td style=\"width: 50%; height: 10px;\">&#8211; 1 Heure<\/td>\n<\/tr>\n<\/tbody>\n<\/table>\n<p>O\u00f9 se trouve l&rsquo;ambassade d&rsquo;Isra\u00ebl \u00e0 Paris ? Elle se trouve au 3 rue Rabelais. Voici quelques options pour se rendre \u00e0 l&rsquo;ambassade:<\/p>\n<ol>\n<li style=\"font-weight: 400;\" aria-level=\"1\"><strong>En m\u00e9tro:<\/strong> la station la plus proche est \u00ab Saint-Philippe-du-Roule \u00bb. De l\u00e0, vous pouvez marcher ou prendre un taxi.<\/li>\n<li style=\"font-weight: 400;\" aria-level=\"1\"><strong>En bus:<\/strong> Plusieurs v\u00e9hicules de transport public portant le num\u00e9ro 52 s&rsquo;arr\u00eatent \u00e0 proximit\u00e9 de l&rsquo;ambassade. Il faut prendre l&rsquo;arr\u00eat \u00ab Matignon &#8211; Saint-Honor\u00e9 \u00bb.<\/li>\n<li style=\"font-weight: 400;\" aria-level=\"1\"><strong>En taxi:<\/strong> Vous pouvez appeler un taxi depuis n&rsquo;importe quel quartier de Paris.<\/li>\n<li style=\"font-weight: 400;\" aria-level=\"1\"><strong>En voiture:<\/strong> Si vous choisissez cette option, veuillez noter que le stationnement dans le quartier de l&rsquo;ambassade peut \u00eatre limit\u00e9 ou co\u00fbteux. Il est pr\u00e9f\u00e9rable de laisser votre voiture dans un parking payant et de vous rendre \u00e0 l&rsquo;ambassade \u00e0 pied.<\/li>\n<li style=\"font-weight: 400;\" aria-level=\"1\"><strong>En v\u00e9lo:<\/strong> Cette option est possible, mais n&rsquo;est pas recommand\u00e9e. La circulation \u00e0 l&rsquo;ext\u00e9rieur de l&rsquo;ambassade est dense et il n&rsquo;y a pas de pistes cyclables \u00e0 l&rsquo;\u00c9lys\u00e9e.<\/li>\n<\/ol>\n<p>N&rsquo;oubliez pas de v\u00e9rifier les heures d&rsquo;ouverture de l&rsquo;ambassade d&rsquo;Isra\u00ebl \u00e0 Paris avant votre visite.<\/p>\n<h2>Jours ouvrables et heures de bureau<\/h2>\n<p>Le bureau diplomatique est ouvert aux visiteurs de 09h00 \u00e0 18h30 du lundi au jeudi, de 09h00 \u00e0 15h30 le vendredi. Le vendredi et les jours pr\u00e9c\u00e9dant les f\u00eates nationales juives, les heures de travail sont r\u00e9duites. Les services consulaires re\u00e7oivent les visiteurs de 9h30 \u00e0 12h30 du lundi au vendredi.<\/p>\n<p>Outre les samedis et dimanches, le personnel de l&rsquo;ambassade d&rsquo;Isra\u00ebl se repose lors des f\u00eates nationales et religieuses juives. L&rsquo;ambassade ne travaille pas non plus les jours f\u00e9ri\u00e9s fran\u00e7ais importants, qui sont des jours f\u00e9ri\u00e9s ch\u00f4m\u00e9s. Si un jour f\u00e9ri\u00e9 tombe un samedi ou un dimanche, le jour de cong\u00e9 est report\u00e9 \u00e0 la prochaine date disponible.<\/p>\n<p>Pour \u00eatre s\u00fbr, il est pr\u00e9f\u00e9rable de contacter l&rsquo;ambassade \u00e0 l&rsquo;avance pour prendre rendez-vous par t\u00e9l\u00e9phone au +33 01 4076 55 13 ou par l&rsquo;adresse \u00e9lectronique de l&rsquo;ambassade d&rsquo;Isra\u00ebl \u00e0 Paris : consularinfo@paris.mfa.gov.il.<\/p>\n<h2>Services offerts<\/h2>\n<p>L&rsquo;ambassade d&rsquo;Isra\u00ebl en France offre une vari\u00e9t\u00e9 de services aux citoyens isra\u00e9liens et \u00e0 toute personne int\u00e9ress\u00e9e par Isra\u00ebl. En voici les principaux :<\/p>\n<ul>\n<li>Traitement et d\u00e9livrance de divers types de visas pour visiter Isra\u00ebl, y compris les visas de tourisme, d&rsquo;\u00e9tudiant, de travail et de visiteur.<\/li>\n<li>Enregistrement des mariages entre citoyens isra\u00e9liens et \u00e9trangers, \u00e0 condition que les deux partenaires soient d&rsquo;accord et aient pr\u00e9par\u00e9 tous les documents n\u00e9cessaires.<\/li>\n<li>Fourniture de services civils et consulaires pour la l\u00e9galisation de documents, la certification de copies, l&rsquo;ex\u00e9cution de certificats de naissance, de mariage, de divorce et de d\u00e9c\u00e8s, la demande et la traduction de documents.<\/li>\n<li>Assistance aux citoyens isra\u00e9liens pour toute une s\u00e9rie de questions li\u00e9es au renouvellement des passeports, \u00e0 l&rsquo;enregistrement \u00e0 l&rsquo;\u00e9tat civil, \u00e0 la preuve de la citoyennet\u00e9 isra\u00e9lienne et \u00e0 l&rsquo;aide dans les situations d&rsquo;urgence.<\/li>\n<li>Conseils aux touristes sur l&rsquo;entr\u00e9e en Isra\u00ebl, l&rsquo;h\u00e9bergement, le transport, l&rsquo;assurance maladie et d&rsquo;autres aspects du voyage.<\/li>\n<\/ul>\n<p><iframe loading=\"lazy\" style=\"border: 0;\" src=\"https:\/\/www.google.com\/maps\/embed?pb=!1m18!1m12!1m3!1d4269.11344268206!2d2.3109933698263574!3d48.871110433484766!2m3!1f0!2f0!3f0!3m2!1i1024!2i768!4f13.1!3m3!1m2!1s0x47e66fcf5c12df8f%3A0x945ff614478504ad!2z0J_QvtGB0L7Qu9GM0YHRgtCy0L4g0JjQt9GA0LDQuNC70Y8g0LLQviDQpNGA0LDQvdGG0LjQuA!5e0!3m2!1sfr!2suk!4v1713870259037!5m2!1sfr!2suk\" width=\"600\" height=\"450\" data-mce-fragmfrt=\"1\"><\/iframe><br \/>\nLa mission organise des \u00e9v\u00e9nements culturels et \u00e9ducatifs : expositions, conf\u00e9rences, s\u00e9minaires et colloques.<\/p>\n<h2>Comment se comporter \u00e0 l&rsquo;ambassade<\/h2>\n<p>Il est n\u00e9cessaire de se pr\u00e9parer s\u00e9rieusement \u00e0 la visite d&rsquo;une importante mission diplomatique du pays. Imaginez dans votre esprit les questions qui pourraient vous \u00eatre pos\u00e9es. Renseignez-vous aupr\u00e8s de personnes qui ont d\u00e9j\u00e0 visit\u00e9 l&rsquo;ambassade d&rsquo;Isra\u00ebl \u00e0 Paris.<\/p>\n<p>Soyez calme, ne soyez pas nerveux. Si vous vous d\u00e9brouillez bien, vous n&rsquo;avez pas \u00e0 vous inqui\u00e9ter.<\/p>\n<p>Voici d&rsquo;autres conseils pour vous aider \u00e0 r\u00e9soudre les probl\u00e8mes lors d&rsquo;une visite.<\/p>\n<ol>\n<li style=\"font-weight: 400;\" aria-level=\"1\">Pr\u00e9parez votre visite \u00e0 l&rsquo;ambassade \u00e0 l&rsquo;avance : rassemblez tous les documents n\u00e9cessaires, dressez une liste de questions et pr\u00e9parez tous les formulaires de demande de visa et les questionnaires n\u00e9cessaires.<\/li>\n<li style=\"font-weight: 400;\" aria-level=\"1\">Trouvez l&rsquo;adresse et les coordonn\u00e9es de l&rsquo;ambassade d&rsquo;Isra\u00ebl \u00e0 Paris. Vous pouvez g\u00e9n\u00e9ralement le faire \u00e0 l&rsquo;aide de moteurs de recherche ou sur le site officiel du minist\u00e8re isra\u00e9lien des affaires \u00e9trang\u00e8res.<\/li>\n<li style=\"font-weight: 400;\" aria-level=\"1\">Notez les heures d&rsquo;ouverture de l&rsquo;ambassade et pr\u00e9cisez les documents dont vous avez besoin.<\/li>\n<li style=\"font-weight: 400;\" aria-level=\"1\">Arrivez \u00e0 l&rsquo;avance \u00e0 l&rsquo;ambassade. Il se peut que vous deviez attendre votre tour, surtout si vous demandez un visa.<\/li>\n<li style=\"font-weight: 400;\" aria-level=\"1\">Soyez poli et patient avec le personnel de l&rsquo;ambassade. Ils peuvent \u00eatre tr\u00e8s occup\u00e9s, ne les bousculez pas et ne les ennuyez pas.<\/li>\n<li style=\"font-weight: 400;\" aria-level=\"1\">Si possible, renseignez-vous \u00e0 l&rsquo;avance sur la langue parl\u00e9e par le personnel de l&rsquo;ambassade afin de pouvoir communiquer avec lui sans probl\u00e8me.<\/li>\n<li style=\"font-weight: 400;\" aria-level=\"1\">N&rsquo;h\u00e9sitez pas \u00e0 poser des questions et \u00e0 clarifier des d\u00e9tails si quelque chose n&rsquo;est pas clair pour vous.<\/li>\n<\/ol>\n<p>Apr\u00e8s avoir pr\u00e9sent\u00e9 les documents, il se peut que l&rsquo;on vous demande de revenir plus tard pour obtenir le r\u00e9sultat. Dans ce cas, respectez tous les d\u00e9lais pr\u00e9vus et n&rsquo;oubliez pas d&rsquo;apporter tous les documents dont vous pourriez avoir besoin.<\/p>\n<h2>Aper\u00e7u historique<\/h2>\n<p>L&rsquo;ambassade d&rsquo;Isra\u00ebl \u00e0 Paris a \u00e9t\u00e9 cr\u00e9\u00e9e peu apr\u00e8s la proclamation de l&rsquo;\u00c9tat d&rsquo;Isra\u00ebl en 1948. La France a reconnu Isra\u00ebl en janvier 1949 et les relations diplomatiques ont \u00e9t\u00e9 officiellement \u00e9tablies. Les premi\u00e8res ann\u00e9es de l&rsquo;ambassade ont \u00e9t\u00e9 marqu\u00e9es par des efforts visant \u00e0 renforcer les liens politiques et culturels entre les deux nations. Au cours des derni\u00e8res d\u00e9cennies, l&rsquo;ambassade s&rsquo;est concentr\u00e9e sur la promotion des int\u00e9r\u00eats technologiques et \u00e9conomiques d&rsquo;Isra\u00ebl en France, en tirant parti du statut de la France en tant que leader mondial dans divers secteurs. Il s&rsquo;agit notamment de favoriser les partenariats dans les domaines de la technologie, des \u00e9nergies renouvelables et de la biotechnologie.<\/p>\n<p>L&rsquo;ambassade joue \u00e9galement un r\u00f4le important aupr\u00e8s de l&rsquo;importante communaut\u00e9 juive de France, qui est la plus grande d&rsquo;Europe. Elle s&rsquo;efforce de lutter contre l&rsquo;antis\u00e9mitisme et de promouvoir la culture et l&rsquo;h\u00e9ritage juifs. L&rsquo;ambassade d&rsquo;Isra\u00ebl \u00e0 Paris reste une institution vitale pour la gestion des relations entre Isra\u00ebl et la France, r\u00e9pondant \u00e0 la fois aux pr\u00e9occupations diplomatiques traditionnelles et aux d\u00e9fis contemporains.<\/p>\n<p>L&rsquo;actuelle ambassadrice d&rsquo;Isra\u00ebl en France, Aliza Bin-Noun, occupe ce poste depuis ao\u00fbt 2015, apportant des contributions significatives \u00e0 la diplomatie isra\u00e9lienne en France et exer\u00e7ant parall\u00e8lement les fonctions d&rsquo;ambassadrice d&rsquo;Isra\u00ebl \u00e0 Monaco.<\/p>\n","protected":false},"excerpt":{"rendered":"<p>L&rsquo;ambassade d&rsquo;Isra\u00ebl \u00e0 Paris est l&rsquo;une des missions diplomatiques les plus importantes et les plus significatives de ce pays. Elle&#8230;<\/p>\n","protected":false},"author":43,"featured_media":0,"parent":0,"menu_order":0,"comment_status":"closed","ping_status":"closed","template":"","meta":{"_acf_changed":false,"footnotes":""},"class_list":["post-39478","page","type-page","status-publish","hentry"],"acf":[],"yoast_head":"<!-- This site is optimized with the Yoast SEO plugin v27.1.1 - https:\/\/yoast.com\/product\/yoast-seo-wordpress\/ -->\n<title>Ambassade d&#039;Isra\u00ebl \u00e0 Paris, France | WRAI<\/title>\n<meta name=\"description\" content=\"Trouvez des informations sur l&#039;ambassade d&#039;Isra\u00ebl \u00e0 Paris : horaires, services consulaires et assistance pour les citoyens isra\u00e9liens. Apprenez comment obtenir des visas, enregistrer des documents et plus encore.\" \/>\n<meta name=\"robots\" content=\"index, follow, max-snippet:-1, max-image-preview:large, max-video-preview:-1\" \/>\n<link rel=\"canonical\" href=\"https:\/\/welcome-israel.com\/fr\/ambassade-d-israel-a-paris\" \/>\n<meta property=\"og:locale\" content=\"fr_FR\" \/>\n<meta property=\"og:type\" content=\"article\" \/>\n<meta property=\"og:title\" content=\"Ambassade d&#039;Isra\u00ebl \u00e0 Paris, France | WRAI\" \/>\n<meta property=\"og:description\" content=\"Trouvez des informations sur l&#039;ambassade d&#039;Isra\u00ebl \u00e0 Paris : horaires, services consulaires et assistance pour les citoyens isra\u00e9liens. Apprenez comment obtenir des visas, enregistrer des documents et plus encore.\" \/>\n<meta property=\"og:url\" content=\"https:\/\/welcome-israel.com\/fr\/ambassade-d-israel-a-paris\" \/>\n<meta property=\"og:site_name\" content=\"welcome-israel.com\" \/>\n<meta name=\"twitter:card\" content=\"summary_large_image\" \/>\n<meta name=\"twitter:label1\" content=\"Dur\u00e9e de lecture estim\u00e9e\" \/>\n\t<meta name=\"twitter:data1\" content=\"5 minutes\" \/>\n<script type=\"application\/ld+json\" class=\"yoast-schema-graph\">{\"@context\":\"https:\/\/schema.org\",\"@graph\":[{\"@type\":\"WebPage\",\"@id\":\"https:\/\/welcome-israel.com\/fr\/ambassade-d-israel-a-paris\",\"url\":\"https:\/\/welcome-israel.com\/fr\/ambassade-d-israel-a-paris\",\"name\":\"Ambassade d'Isra\u00ebl \u00e0 Paris, France | WRAI\",\"isPartOf\":{\"@id\":\"https:\/\/welcome-israel.com\/fr#website\"},\"datePublished\":\"2024-10-21T07:34:24+00:00\",\"description\":\"Trouvez des informations sur l'ambassade d'Isra\u00ebl \u00e0 Paris : horaires, services consulaires et assistance pour les citoyens isra\u00e9liens. Apprenez comment obtenir des visas, enregistrer des documents et plus encore.\",\"breadcrumb\":{\"@id\":\"https:\/\/welcome-israel.com\/fr\/ambassade-d-israel-a-paris#breadcrumb\"},\"inLanguage\":\"fr-FR\",\"potentialAction\":[{\"@type\":\"ReadAction\",\"target\":[\"https:\/\/welcome-israel.com\/fr\/ambassade-d-israel-a-paris\"]}]},{\"@type\":\"BreadcrumbList\",\"@id\":\"https:\/\/welcome-israel.com\/fr\/ambassade-d-israel-a-paris#breadcrumb\",\"itemListElement\":[{\"@type\":\"ListItem\",\"position\":1,\"name\":\"Home\",\"item\":\"https:\/\/welcome-israel.com\/fr\"},{\"@type\":\"ListItem\",\"position\":2,\"name\":\"Ambassade d'Isra\u00ebl \u00e0 Paris\"}]},{\"@type\":\"WebSite\",\"@id\":\"https:\/\/welcome-israel.com\/fr#website\",\"url\":\"https:\/\/welcome-israel.com\/fr\",\"name\":\"welcome-israel.com\",\"description\":\"\",\"potentialAction\":[{\"@type\":\"SearchAction\",\"target\":{\"@type\":\"EntryPoint\",\"urlTemplate\":\"https:\/\/welcome-israel.com\/fr?s={search_term_string}\"},\"query-input\":{\"@type\":\"PropertyValueSpecification\",\"valueRequired\":true,\"valueName\":\"search_term_string\"}}],\"inLanguage\":\"fr-FR\"}]}<\/script>\n<!-- \/ Yoast SEO plugin. -->","yoast_head_json":{"title":"Ambassade d'Isra\u00ebl \u00e0 Paris, France | WRAI","description":"Trouvez des informations sur l'ambassade d'Isra\u00ebl \u00e0 Paris : horaires, services consulaires et assistance pour les citoyens isra\u00e9liens. Apprenez comment obtenir des visas, enregistrer des documents et plus encore.","robots":{"index":"index","follow":"follow","max-snippet":"max-snippet:-1","max-image-preview":"max-image-preview:large","max-video-preview":"max-video-preview:-1"},"canonical":"https:\/\/welcome-israel.com\/fr\/ambassade-d-israel-a-paris","og_locale":"fr_FR","og_type":"article","og_title":"Ambassade d'Isra\u00ebl \u00e0 Paris, France | WRAI","og_description":"Trouvez des informations sur l'ambassade d'Isra\u00ebl \u00e0 Paris : horaires, services consulaires et assistance pour les citoyens isra\u00e9liens. Apprenez comment obtenir des visas, enregistrer des documents et plus encore.","og_url":"https:\/\/welcome-israel.com\/fr\/ambassade-d-israel-a-paris","og_site_name":"welcome-israel.com","twitter_card":"summary_large_image","twitter_misc":{"Dur\u00e9e de lecture estim\u00e9e":"5 minutes"},"schema":{"@context":"https:\/\/schema.org","@graph":[{"@type":"WebPage","@id":"https:\/\/welcome-israel.com\/fr\/ambassade-d-israel-a-paris","url":"https:\/\/welcome-israel.com\/fr\/ambassade-d-israel-a-paris","name":"Ambassade d'Isra\u00ebl \u00e0 Paris, France | WRAI","isPartOf":{"@id":"https:\/\/welcome-israel.com\/fr#website"},"datePublished":"2024-10-21T07:34:24+00:00","description":"Trouvez des informations sur l'ambassade d'Isra\u00ebl \u00e0 Paris : horaires, services consulaires et assistance pour les citoyens isra\u00e9liens. Apprenez comment obtenir des visas, enregistrer des documents et plus encore.","breadcrumb":{"@id":"https:\/\/welcome-israel.com\/fr\/ambassade-d-israel-a-paris#breadcrumb"},"inLanguage":"fr-FR","potentialAction":[{"@type":"ReadAction","target":["https:\/\/welcome-israel.com\/fr\/ambassade-d-israel-a-paris"]}]},{"@type":"BreadcrumbList","@id":"https:\/\/welcome-israel.com\/fr\/ambassade-d-israel-a-paris#breadcrumb","itemListElement":[{"@type":"ListItem","position":1,"name":"Home","item":"https:\/\/welcome-israel.com\/fr"},{"@type":"ListItem","position":2,"name":"Ambassade d'Isra\u00ebl \u00e0 Paris"}]},{"@type":"WebSite","@id":"https:\/\/welcome-israel.com\/fr#website","url":"https:\/\/welcome-israel.com\/fr","name":"welcome-israel.com","description":"","potentialAction":[{"@type":"SearchAction","target":{"@type":"EntryPoint","urlTemplate":"https:\/\/welcome-israel.com\/fr?s={search_term_string}"},"query-input":{"@type":"PropertyValueSpecification","valueRequired":true,"valueName":"search_term_string"}}],"inLanguage":"fr-FR"}]}},"_links":{"self":[{"href":"https:\/\/welcome-israel.com\/fr\/wp-json\/wp\/v2\/pages\/39478","targetHints":{"allow":["GET"]}}],"collection":[{"href":"https:\/\/welcome-israel.com\/fr\/wp-json\/wp\/v2\/pages"}],"about":[{"href":"https:\/\/welcome-israel.com\/fr\/wp-json\/wp\/v2\/types\/page"}],"author":[{"embeddable":true,"href":"https:\/\/welcome-israel.com\/fr\/wp-json\/wp\/v2\/users\/43"}],"replies":[{"embeddable":true,"href":"https:\/\/welcome-israel.com\/fr\/wp-json\/wp\/v2\/comments?post=39478"}],"version-history":[{"count":4,"href":"https:\/\/welcome-israel.com\/fr\/wp-json\/wp\/v2\/pages\/39478\/revisions"}],"predecessor-version":[{"id":39745,"href":"https:\/\/welcome-israel.com\/fr\/wp-json\/wp\/v2\/pages\/39478\/revisions\/39745"}],"wp:attachment":[{"href":"https:\/\/welcome-israel.com\/fr\/wp-json\/wp\/v2\/media?parent=39478"}],"curies":[{"name":"wp","href":"https:\/\/api.w.org\/{rel}","templated":true}]}}