{"id":39440,"date":"2024-10-21T10:37:27","date_gmt":"2024-10-21T07:37:27","guid":{"rendered":"https:\/\/welcome-israel.com\/?page_id=39440"},"modified":"2024-10-21T10:37:27","modified_gmt":"2024-10-21T07:37:27","slug":"la-loi-du-retour","status":"publish","type":"page","link":"https:\/\/welcome-israel.com\/fr\/la-loi-du-retour","title":{"rendered":"La Loi du Retour"},"content":{"rendered":"<p>Isra\u00ebl est un pays unique. Cet \u00c9tat a commenc\u00e9 son existence le 14 mai 1948. En peu de temps, le pays a r\u00e9ussi \u00e0 occuper une place importante dans le monde. Environ 900 000 personnes y vivaient d\u00e9j\u00e0 au moment de la cr\u00e9ation de l\u2019\u00c9tat, mais aujourd&rsquo;hui, c&rsquo;est un pays de plusieurs millions d&rsquo;habitants, cr\u00e9\u00e9 par les Juifs pour les Juifs.<\/p>\n<p>C&rsquo;est effectivement fascinant, mais qu&rsquo;est-ce que la Loi du Retour et comment fonctionne-t-elle?<\/p>\n<p>La Loi du Retour, ou \u05d7\u05b9\u05d5\u05e7 \u05d4\u05b7\u05e9\u05b0\u05c1\u05d1\u05d5\u05bc\u05ea, est une loi isra\u00e9lienne adopt\u00e9e par la Knesset le 5 juillet 1950. Elle permet aux personnes juives ayant au moins un grand-parent juif, ainsi qu&rsquo;\u00e0 leurs conjoints, de d\u00e9m\u00e9nager en Isra\u00ebl et d&rsquo;acqu\u00e9rir la citoyennet\u00e9 isra\u00e9lienne. Cette loi rassemble sous un m\u00eame \u00ab\u00a0toit\u00a0\u00bb tous les fr\u00e8res et s\u0153urs juifs.<\/p>\n<p><span style=\"font-weight: 400;\"><div class=\"banner-full-support\">\n    <div class=\"banner-full-support__inner\">\n        <div class=\"banner-full-support__title\">Soutien complet \u00e0 toutes les \u00e9tapes de la r\u00e9patriation, y compris en Isra\u00ebl<\/div>\n        <div class=\"banner-full-support__description\">Vous devez seulement soumettre les documents<\/div>\n        <a href=\"javascript:;\" data-fancybox data-src=\"#consult\" data-modal=\"true\" class=\"button button-white\">Laissez une demande<\/a>\n    <\/div>\n<\/div><\/span><\/p>\n<p>Ceci est la d\u00e9finition de la loi du retour. Le premier article de la Loi du retour en Isra\u00ebl d\u00e9finit pleinement le droit au rapatriement. Il est destin\u00e9 \u00e0 tout \u00e9tranger ayant des racines juives, quel que soit le pays, la couleur de peau ou l&rsquo;orientation sexuelle.<\/p>\n<h2>Dispositions de base de la Loi du Retour<\/h2>\n<p>La loi isra\u00e9lienne sur le droit au retour d\u00e9finit les r\u00e8gles de base pour la rapatriation des Juifs. Le document se compose de seulement six articles. Toute la proc\u00e9dure de retour des fr\u00e8res et s\u0153urs perdus vers leur patrie historique repose sur la Loi du Retour en Isra\u00ebl.<\/p>\n<p><strong>L&rsquo;article 1 d\u00e9finit clairement que tout Juif a le droit de rapatriement. Lors de l&rsquo;\u00e9laboration et de la discussion du document, une proposition a \u00e9t\u00e9 faite pour introduire deux modifications:<\/strong><\/p>\n<ul>\n<li>Un Juif vivant dans l&rsquo;\u00c9tat d&rsquo;Isra\u00ebl peut \u00eatre expuls\u00e9 du territoire du pays quelles que soient les circonstances.<\/li>\n<li>L&rsquo;article 1, qui stipule que tout Juif a le droit d&rsquo;immigrer en Isra\u00ebl, ne peut pas \u00eatre modifi\u00e9, m\u00eame par un vote de la Knesset.<\/li>\n<\/ul>\n<p>Les ajouts propos\u00e9s par l&rsquo;opposition n&rsquo;ont pas \u00e9t\u00e9 soutenus par la majorit\u00e9 des parlementaires. En cons\u00e9quence, les deux propositions ont \u00e9t\u00e9 rejet\u00e9es.<\/p>\n<h3>Article 1 \u2013 Le droit fondamental des Juifs<\/h3>\n<p>Le premier article de la loi d\u00e9finit clairement le droit de chaque Juif de se rapatrier et se compose d&rsquo;une seule phrase : \u00ab Tout Juif a le droit d&rsquo;immigrer en Isra\u00ebl. \u00bb<\/p>\n<p><strong>Lors de l&rsquo;\u00e9laboration et de la discussion du document, deux amendements ont \u00e9t\u00e9 propos\u00e9s :<\/strong><\/p>\n<ul>\n<li>Un Juif vivant dans l&rsquo;\u00c9tat d&rsquo;Isra\u00ebl ne peut en aucun cas \u00eatre expuls\u00e9 du territoire.<\/li>\n<li>L&rsquo;article 1, qui stipule que tout Juif a le droit de se rapatrier en Isra\u00ebl, ne peut \u00eatre modifi\u00e9 m\u00eame par un vote de la Knesset.<br \/>\nArticle 2 \u2013 \u00c0 qui est d\u00e9livr\u00e9 un visa de rapatri\u00e9<\/li>\n<\/ul>\n<p>Un visa de rapatri\u00e9 est un document qui permet \u00e0 une personne ayant prouv\u00e9 ses racines juives d&rsquo;entrer en Isra\u00ebl. Ce formulaire est d\u00e9livr\u00e9 apr\u00e8s avoir pass\u00e9 le contr\u00f4le consulaire. Les Am\u00e9ricains et les Europ\u00e9ens re\u00e7oivent l&rsquo;autorisation du consul \u00e0 l&rsquo;ambassade isra\u00e9lienne dans leur pays d&rsquo;origine. Selon l&rsquo;article 2 de la Loi du Retour isra\u00e9lienne, le visa peut \u00eatre d\u00e9livr\u00e9 \u00e0 toute personne juive souhaitant s&rsquo;installer en Isra\u00ebl.<\/p>\n<p>Les exceptions concernent les personnes pouvant constituer une menace pour la s\u00e9curit\u00e9 des citoyens isra\u00e9liens et du pays dans son ensemble. Cela signifie que le visa sera refus\u00e9 \u00e0 tout candidat au droit au retour isra\u00e9lien ayant un casier judiciaire, ainsi qu&rsquo;aux candidats qui, lors d&rsquo;un examen m\u00e9dical, sont trouv\u00e9s porteurs de maladies infectieuses dangereuses pour la sant\u00e9 publique. Ces exigences sont strictes pour des raisons \u00e9videntes.<\/p>\n<h3>Article 3 \u2013 Immigration apr\u00e8s l&rsquo;arriv\u00e9e dans le pays<\/h3>\n<p>Le troisi\u00e8me article stipule que tout Juif peut venir en Isra\u00ebl et exprimer son d\u00e9sir de s&rsquo;y installer. Dans ce cas, il a \u00e9galement droit \u00e0 la citoyennet\u00e9 s&rsquo;il peut prouver ses origines juives.<\/p>\n<h3>Article 4 \u2013 Qui peut revendiquer les droits d&rsquo;un rapatri\u00e9<\/h3>\n<p>Le document donne une d\u00e9finition exceptionnelle et pr\u00e9cise de qui peut \u00eatre consid\u00e9r\u00e9 comme un v\u00e9ritable \u00ab\u00a0Juif\u00a0\u00bb. Il s&rsquo;agit d&rsquo;une personne n\u00e9e d&rsquo;une m\u00e8re juive ou d&rsquo;une personne ayant subi une conversion. Il est important de noter qu&rsquo;une personne ne peut pas pratiquer une autre religion que le juda\u00efsme.<\/p>\n<p>Cette d\u00e9finition stricte de l&rsquo;appartenance \u00e0 la nationalit\u00e9 juive a suscit\u00e9 de nombreuses incompr\u00e9hensions et critiques concernant la cat\u00e9gorie de personnes \u00e9ligibles au rapatriement. Par exemple, certains pensent que le droit au retour est r\u00e9serv\u00e9 uniquement aux Juifs halakhiques.<\/p>\n<div class=\"single-consultation__form-wrap\">\n    <div class=\"single-consultation__form-inner\"><\/div>\n    <div class=\"consultation-title\">Obtenez une consultation gratuite d'un sp\u00e9cialiste de la citoyennet\u00e9 isra\u00e9lienne<\/div>\n    <div class=\"single-consultation__form-grid\">\n        \n<div class=\"wpcf7 no-js\" id=\"wpcf7-f15127-o1\" lang=\"fr-FR\" dir=\"ltr\" data-wpcf7-id=\"15127\">\n<div class=\"screen-reader-response\"><p role=\"status\" aria-live=\"polite\" aria-atomic=\"true\"><\/p> <ul><\/ul><\/div>\n<form action=\"\/fr\/wp-json\/wp\/v2\/pages\/39440#wpcf7-f15127-o1\" method=\"post\" class=\"wpcf7-form init\" aria-label=\"Formulaire de contact\" novalidate=\"novalidate\" data-status=\"init\">\n<fieldset class=\"hidden-fields-container\"><input type=\"hidden\" name=\"_wpcf7\" value=\"15127\" \/><input type=\"hidden\" name=\"_wpcf7_version\" value=\"6.1.5\" \/><input type=\"hidden\" name=\"_wpcf7_locale\" value=\"fr_FR\" \/><input type=\"hidden\" name=\"_wpcf7_unit_tag\" value=\"wpcf7-f15127-o1\" \/><input type=\"hidden\" name=\"_wpcf7_container_post\" value=\"0\" \/><input type=\"hidden\" name=\"_wpcf7_posted_data_hash\" value=\"\" \/><input type=\"hidden\" name=\"_wpcf7_recaptcha_response\" value=\"\" \/>\n<\/fieldset>\n<div class=\"single-consultation__form-column\">\n<span class=\"wpcf7-form-control-wrap\" data-name=\"your-name\"><input size=\"40\" maxlength=\"400\" class=\"wpcf7-form-control wpcf7-text wpcf7-validates-as-required get__consultation-form-input\" aria-required=\"true\" aria-invalid=\"false\" placeholder=\"Nom\" value=\"\" type=\"text\" name=\"your-name\" \/><\/span>\n<span class=\"wpcf7-form-control-wrap\" data-name=\"your-email\"><input size=\"40\" maxlength=\"400\" class=\"wpcf7-form-control wpcf7-email wpcf7-validates-as-required wpcf7-text wpcf7-validates-as-email get__consultation-form-input\" aria-required=\"true\" aria-invalid=\"false\" placeholder=\"E-mail\" value=\"\" type=\"email\" name=\"your-email\" \/><\/span>\n<div class=\"get__consultation-form-input_wrap\">\n<span class=\"wpcf7-form-control-wrap\" data-name=\"your-phone\"><input size=\"40\" maxlength=\"400\" class=\"wpcf7-form-control wpcf7-tel wpcf7-validates-as-required wpcf7-text wpcf7-validates-as-tel get__consultation-form-input masked__phone-input\" aria-required=\"true\" aria-invalid=\"false\" placeholder=\"Num\u00e9ro de t\u00e9l\u00e9phone\" value=\"\" type=\"tel\" name=\"your-phone\" \/><\/span>\n<label class=\"consultation-form-label consultation-form-checkbox-light consultation-form-primary-number\">\n<span class=\"wpcf7-form-control-wrap\" data-name=\"primary-number\"><span class=\"wpcf7-form-control wpcf7-acceptance\"><span class=\"wpcf7-list-item\"><label><input type=\"checkbox\" name=\"primary-number\" value=\"1\" checked=\"checked\" class=\"processing__personal__data\" aria-invalid=\"false\" \/><span class=\"wpcf7-list-item-label\">Je confirme que ce nombre est ma principale<\/span><\/label><\/span><\/span><\/span>\n<\/label>\n<\/div>\n<\/div>\n<div class=\"single-consultation__form-row\">\n<button type=\"submit\" class=\"button button-white wpcf7-submit\">Obtenez une consultation<\/button>\n<label class=\"consultation-form-label consultation-form-checkbox-light\">\n<span class=\"wpcf7-form-control-wrap\" data-name=\"Processing-of-personal-data\"><span class=\"wpcf7-form-control wpcf7-acceptance\"><span class=\"wpcf7-list-item\"><label><input type=\"checkbox\" name=\"Processing-of-personal-data\" value=\"1\" checked=\"checked\" class=\"processing__personal__data\" aria-invalid=\"false\" \/><span class=\"wpcf7-list-item-label\">En cliquant sur le bouton de soumission, vous \u00eates d'accord\nau traitement des donn\u00e9es \u00e0 caract\u00e8re personnel<\/span><\/label><\/span><\/span><\/span>\n<\/label>\n<\/div><div class=\"wpcf7-response-output\" aria-hidden=\"true\"><\/div>\n<\/form>\n<\/div>\n\n    <\/div>\n<\/div>\n<p><b>The Israeli Law of Return eligibility has a defined list of people eligible for automatic Israeli citizenship:<\/b><\/p>\n<ul>\n<li style=\"font-weight: 400;\" aria-level=\"1\"><span style=\"font-weight: 400;\">Direct descendants, that is, children born of a Jewish father.<\/span><\/li>\n<li style=\"font-weight: 400;\" aria-level=\"1\"><span style=\"font-weight: 400;\">Grandchildren of Jews (if the grandmother, great-grandmother is Jewish).<\/span><\/li>\n<li style=\"font-weight: 400;\" aria-level=\"1\"><span style=\"font-weight: 400;\">People who have written \u201cJewish\u201d or \u201cJew\u201d in their nationality bar in any official document.<\/span><\/li>\n<\/ul>\n<p><span style=\"font-weight: 400;\">In addition, by the power of Israeli citizenship law of return, the possibility of repatriation is provided to the spouses and the children of the eligible people mentioned above.<br \/>\nIt does not matter whether the holder of the right to repatriate is alive or not\u2014children and spouses can obtain Israeli citizenship. The only exception is for the people who decided to change their religion. <\/span><\/p>\n<h2>Amendements \u00e0 la \u00ab\u00a0Loi du Retour\u00a0\u00bb<\/h2>\n<p>Le droit au retour des Juifs, d\u00e9finissant les r\u00e8gles de base pour la r\u00e9int\u00e9gration des Juifs, est en vigueur depuis 70 ans maintenant. Durant cette p\u00e9riode, la loi isra\u00e9lienne sur la citoyennet\u00e9 et le droit au retour n&rsquo;a pratiquement pas chang\u00e9.<\/p>\n<div class=\"text_attention\">Le point principal du droit au retour pour l&rsquo;obtention de la citoyennet\u00e9 isra\u00e9lienne est qu&rsquo;Isra\u00ebl est la patrie souhait\u00e9e pour les Juifs du monde entier.<\/div>\n<p>Les changements les plus significatifs ont \u00e9t\u00e9 les trois suivants :<\/p>\n<ul>\n<li>1958: Est consid\u00e9r\u00e9 comme Juif celui qui a prouv\u00e9 ses racines juives et est li\u00e9 au juda\u00efsme.<\/li>\n<li>1970: La d\u00e9finition de \u00ab\u00a0Juif\u00a0\u00bb a \u00e9t\u00e9 modifi\u00e9e. \u00c0 partir de cette date, il s\u2019agit d\u2019une personne n\u00e9e d\u2019une m\u00e8re juive, ainsi qu&rsquo;une personne convertie au juda\u00efsme.<\/li>\n<li>1999: Amendement concernant l\u2019obtention de la citoyennet\u00e9 par mariage avec un citoyen isra\u00e9lien. Dans ce cas, les r\u00e8gles de rapatriement ne s\u2019appliquent plus.<\/li>\n<\/ul>\n<p>Vous ne pouvez obtenir un passeport isra\u00e9lien que par le programme de naturalisation. Ainsi, la possibilit\u00e9 d\u2019obtenir la citoyennet\u00e9 isra\u00e9lienne par un mariage fictif a \u00e9t\u00e9 exclue.<\/p>\n<p>Le conjoint d\u2019un citoyen juif peut b\u00e9n\u00e9ficier du rapatriement si le mariage a \u00e9t\u00e9 conclu avant l\u2019obtention de la citoyennet\u00e9 isra\u00e9lienne. Il faut donc se marier d\u2019abord, puis demander la citoyennet\u00e9 isra\u00e9lienne.<\/p>\n<p>La Loi du Retour n\u2019est pas un texte normatif d\u00e9finissant les r\u00e8gles d\u2019obtention de la citoyennet\u00e9 isra\u00e9lienne. Elle \u00e9tablit seulement le cercle des personnes ayant droit au rapatriement vers leur patrie historique. La loi isra\u00e9lienne du retour vous permet de passer un test ADN si vous n\u2019\u00eates pas s\u00fbr d\u2019avoir des anc\u00eatres juifs. Le processus de la Loi du Retour d&rsquo;Isra\u00ebl est assez complexe, c\u2019est pourquoi je vous conseille de choisir des sp\u00e9cialistes dans ce domaine pour faire valoir vos droits \u00e0 la citoyennet\u00e9.<\/p>\n<div class=\"text_attention\">Tout ce qui concerne l&rsquo;acquisition de la citoyennet\u00e9 isra\u00e9lienne est \u00e9tabli par les articles de la loi sur la citoyennet\u00e9, publi\u00e9e en 1952.<\/div>\n<h2>Les subtilit\u00e9s juridiques de l&rsquo;application de la loi du retour<\/h2>\n<p>\u00c9tant donn\u00e9 que la loi juive du retour d\u00e9finit le cercle des personnes habilit\u00e9es \u00e0 revendiquer le droit au rapatriement, le principal probl\u00e8me r\u00e9side dans l&rsquo;honn\u00eatet\u00e9 et la pr\u00e9cision de l&rsquo;\u00e9tablissement de la pr\u00e9sence de racines juives chez un rapatri\u00e9. L&rsquo;application de la loi du retour peut conduire \u00e0 la famille d&rsquo;un p\u00e8re et d&rsquo;une m\u00e8re. Il y a quelques nuances dans cette question, nous parlons des racines juives \u00e9tablies \u00e0 la troisi\u00e8me g\u00e9n\u00e9ration.<\/p>\n<p>Si l&rsquo;appartenance \u00e0 la nation juive est d\u00e9termin\u00e9e par la lign\u00e9e masculine, alors le p\u00e8re ou le grand-p\u00e8re est pr\u00e9sent\u00e9 comme le parent juif. Selon les r\u00e8gles de l&rsquo;alya (rapatriement), les racines juives sont d\u00e9termin\u00e9es jusqu&rsquo;\u00e0 la troisi\u00e8me g\u00e9n\u00e9ration. Dans ce cas, le fils ou la fille d&rsquo;un juif appartient \u00e0 la deuxi\u00e8me g\u00e9n\u00e9ration.<\/p>\n<p>Il en va tout autrement lorsque la nationalit\u00e9 est transmise par la lign\u00e9e f\u00e9minine. Dans ce cas, le fils ou la fille d&rsquo;une femme juive appartient \u00e0 la premi\u00e8re g\u00e9n\u00e9ration. Cela signifie que la m\u00e8re, la grand-m\u00e8re et l&rsquo;arri\u00e8re-grand-m\u00e8re peuvent \u00eatre consid\u00e9r\u00e9es comme des parents juifs.<\/p>\n<p>Si vous souhaitez obtenir des informations plus d\u00e9taill\u00e9es sur la mani\u00e8re d&rsquo;obtenir la citoyennet\u00e9 isra\u00e9lienne ou conna\u00eetre les r\u00e8gles de rapatriement, le test ADN de la loi isra\u00e9lienne sur le retour, veuillez contacter nos sp\u00e9cialistes de la citoyennet\u00e9 pour obtenir des conseils. Leur exp\u00e9rience professionnelle dans toutes sortes de cas et leurs connaissances vous aideront \u00e0 utiliser la loi du retour en votre faveur. Le soutien professionnel et la supervision de nos sp\u00e9cialistes vous aideront \u00e0 obtenir la citoyennet\u00e9 isra\u00e9lienne aussi facilement et rapidement que possible.<\/p>\n","protected":false},"excerpt":{"rendered":"<p>Isra\u00ebl est un pays unique. Cet \u00c9tat a commenc\u00e9 son existence le 14 mai 1948. En peu de temps, le&#8230;<\/p>\n","protected":false},"author":43,"featured_media":39441,"parent":0,"menu_order":0,"comment_status":"open","ping_status":"closed","template":"","meta":{"_acf_changed":false,"footnotes":""},"class_list":["post-39440","page","type-page","status-publish","has-post-thumbnail","hentry"],"acf":[],"yoast_head":"<!-- This site is optimized with the Yoast SEO plugin v27.1.1 - https:\/\/yoast.com\/product\/yoast-seo-wordpress\/ -->\n<title>La Loi du Retour : Comprendre la Citoyennet\u00e9 Isra\u00e9lienne et l&#039;\u00c9ligibilit\u00e9<\/title>\n<meta name=\"description\" content=\"D\u00e9couvrez les principes de la Loi du Retour en Isra\u00ebl, qui offre aux Juifs et \u00e0 leurs proches le droit de s&#039;installer en Isra\u00ebl et d&#039;obtenir la citoyennet\u00e9 isra\u00e9lienne.\" \/>\n<meta name=\"robots\" content=\"index, follow, max-snippet:-1, max-image-preview:large, max-video-preview:-1\" \/>\n<link rel=\"canonical\" href=\"https:\/\/welcome-israel.com\/fr\/la-loi-du-retour\" \/>\n<meta property=\"og:locale\" content=\"fr_FR\" \/>\n<meta property=\"og:type\" content=\"article\" \/>\n<meta property=\"og:title\" content=\"La Loi du Retour : Comprendre la Citoyennet\u00e9 Isra\u00e9lienne et l&#039;\u00c9ligibilit\u00e9\" \/>\n<meta property=\"og:description\" content=\"D\u00e9couvrez les principes de la Loi du Retour en Isra\u00ebl, qui offre aux Juifs et \u00e0 leurs proches le droit de s&#039;installer en Isra\u00ebl et d&#039;obtenir la citoyennet\u00e9 isra\u00e9lienne.\" \/>\n<meta property=\"og:url\" content=\"https:\/\/welcome-israel.com\/fr\/la-loi-du-retour\" \/>\n<meta property=\"og:site_name\" content=\"welcome-israel.com\" \/>\n<meta property=\"og:image\" content=\"https:\/\/welcome-israel.com\/wp-content\/uploads\/2022\/03\/Devushka-s-flagom-Izrailya.jpg\" \/>\n\t<meta property=\"og:image:width\" content=\"1750\" \/>\n\t<meta property=\"og:image:height\" content=\"809\" \/>\n\t<meta property=\"og:image:type\" content=\"image\/jpeg\" \/>\n<meta name=\"twitter:card\" content=\"summary_large_image\" \/>\n<meta name=\"twitter:label1\" content=\"Dur\u00e9e de lecture estim\u00e9e\" \/>\n\t<meta name=\"twitter:data1\" content=\"7 minutes\" \/>\n<script type=\"application\/ld+json\" class=\"yoast-schema-graph\">{\"@context\":\"https:\/\/schema.org\",\"@graph\":[{\"@type\":\"WebPage\",\"@id\":\"https:\/\/welcome-israel.com\/fr\/la-loi-du-retour\",\"url\":\"https:\/\/welcome-israel.com\/fr\/la-loi-du-retour\",\"name\":\"La Loi du Retour : Comprendre la Citoyennet\u00e9 Isra\u00e9lienne et l'\u00c9ligibilit\u00e9\",\"isPartOf\":{\"@id\":\"https:\/\/welcome-israel.com\/fr#website\"},\"primaryImageOfPage\":{\"@id\":\"https:\/\/welcome-israel.com\/fr\/la-loi-du-retour#primaryimage\"},\"image\":{\"@id\":\"https:\/\/welcome-israel.com\/fr\/la-loi-du-retour#primaryimage\"},\"thumbnailUrl\":\"https:\/\/welcome-israel.com\/wp-content\/uploads\/2022\/03\/Devushka-s-flagom-Izrailya.jpg\",\"datePublished\":\"2024-10-21T07:37:27+00:00\",\"description\":\"D\u00e9couvrez les principes de la Loi du Retour en Isra\u00ebl, qui offre aux Juifs et \u00e0 leurs proches le droit de s'installer en Isra\u00ebl et d'obtenir la citoyennet\u00e9 isra\u00e9lienne.\",\"breadcrumb\":{\"@id\":\"https:\/\/welcome-israel.com\/fr\/la-loi-du-retour#breadcrumb\"},\"inLanguage\":\"fr-FR\",\"potentialAction\":[{\"@type\":\"ReadAction\",\"target\":[\"https:\/\/welcome-israel.com\/fr\/la-loi-du-retour\"]}]},{\"@type\":\"ImageObject\",\"inLanguage\":\"fr-FR\",\"@id\":\"https:\/\/welcome-israel.com\/fr\/la-loi-du-retour#primaryimage\",\"url\":\"https:\/\/welcome-israel.com\/wp-content\/uploads\/2022\/03\/Devushka-s-flagom-Izrailya.jpg\",\"contentUrl\":\"https:\/\/welcome-israel.com\/wp-content\/uploads\/2022\/03\/Devushka-s-flagom-Izrailya.jpg\",\"width\":1750,\"height\":809},{\"@type\":\"BreadcrumbList\",\"@id\":\"https:\/\/welcome-israel.com\/fr\/la-loi-du-retour#breadcrumb\",\"itemListElement\":[{\"@type\":\"ListItem\",\"position\":1,\"name\":\"Home\",\"item\":\"https:\/\/welcome-israel.com\/fr\"},{\"@type\":\"ListItem\",\"position\":2,\"name\":\"La Loi du Retour\"}]},{\"@type\":\"WebSite\",\"@id\":\"https:\/\/welcome-israel.com\/fr#website\",\"url\":\"https:\/\/welcome-israel.com\/fr\",\"name\":\"welcome-israel.com\",\"description\":\"\",\"potentialAction\":[{\"@type\":\"SearchAction\",\"target\":{\"@type\":\"EntryPoint\",\"urlTemplate\":\"https:\/\/welcome-israel.com\/fr?s={search_term_string}\"},\"query-input\":{\"@type\":\"PropertyValueSpecification\",\"valueRequired\":true,\"valueName\":\"search_term_string\"}}],\"inLanguage\":\"fr-FR\"}]}<\/script>\n<!-- \/ Yoast SEO plugin. -->","yoast_head_json":{"title":"La Loi du Retour : Comprendre la Citoyennet\u00e9 Isra\u00e9lienne et l'\u00c9ligibilit\u00e9","description":"D\u00e9couvrez les principes de la Loi du Retour en Isra\u00ebl, qui offre aux Juifs et \u00e0 leurs proches le droit de s'installer en Isra\u00ebl et d'obtenir la citoyennet\u00e9 isra\u00e9lienne.","robots":{"index":"index","follow":"follow","max-snippet":"max-snippet:-1","max-image-preview":"max-image-preview:large","max-video-preview":"max-video-preview:-1"},"canonical":"https:\/\/welcome-israel.com\/fr\/la-loi-du-retour","og_locale":"fr_FR","og_type":"article","og_title":"La Loi du Retour : Comprendre la Citoyennet\u00e9 Isra\u00e9lienne et l'\u00c9ligibilit\u00e9","og_description":"D\u00e9couvrez les principes de la Loi du Retour en Isra\u00ebl, qui offre aux Juifs et \u00e0 leurs proches le droit de s'installer en Isra\u00ebl et d'obtenir la citoyennet\u00e9 isra\u00e9lienne.","og_url":"https:\/\/welcome-israel.com\/fr\/la-loi-du-retour","og_site_name":"welcome-israel.com","og_image":[{"width":1750,"height":809,"url":"https:\/\/welcome-israel.com\/wp-content\/uploads\/2022\/03\/Devushka-s-flagom-Izrailya.jpg","type":"image\/jpeg"}],"twitter_card":"summary_large_image","twitter_misc":{"Dur\u00e9e de lecture estim\u00e9e":"7 minutes"},"schema":{"@context":"https:\/\/schema.org","@graph":[{"@type":"WebPage","@id":"https:\/\/welcome-israel.com\/fr\/la-loi-du-retour","url":"https:\/\/welcome-israel.com\/fr\/la-loi-du-retour","name":"La Loi du Retour : Comprendre la Citoyennet\u00e9 Isra\u00e9lienne et l'\u00c9ligibilit\u00e9","isPartOf":{"@id":"https:\/\/welcome-israel.com\/fr#website"},"primaryImageOfPage":{"@id":"https:\/\/welcome-israel.com\/fr\/la-loi-du-retour#primaryimage"},"image":{"@id":"https:\/\/welcome-israel.com\/fr\/la-loi-du-retour#primaryimage"},"thumbnailUrl":"https:\/\/welcome-israel.com\/wp-content\/uploads\/2022\/03\/Devushka-s-flagom-Izrailya.jpg","datePublished":"2024-10-21T07:37:27+00:00","description":"D\u00e9couvrez les principes de la Loi du Retour en Isra\u00ebl, qui offre aux Juifs et \u00e0 leurs proches le droit de s'installer en Isra\u00ebl et d'obtenir la citoyennet\u00e9 isra\u00e9lienne.","breadcrumb":{"@id":"https:\/\/welcome-israel.com\/fr\/la-loi-du-retour#breadcrumb"},"inLanguage":"fr-FR","potentialAction":[{"@type":"ReadAction","target":["https:\/\/welcome-israel.com\/fr\/la-loi-du-retour"]}]},{"@type":"ImageObject","inLanguage":"fr-FR","@id":"https:\/\/welcome-israel.com\/fr\/la-loi-du-retour#primaryimage","url":"https:\/\/welcome-israel.com\/wp-content\/uploads\/2022\/03\/Devushka-s-flagom-Izrailya.jpg","contentUrl":"https:\/\/welcome-israel.com\/wp-content\/uploads\/2022\/03\/Devushka-s-flagom-Izrailya.jpg","width":1750,"height":809},{"@type":"BreadcrumbList","@id":"https:\/\/welcome-israel.com\/fr\/la-loi-du-retour#breadcrumb","itemListElement":[{"@type":"ListItem","position":1,"name":"Home","item":"https:\/\/welcome-israel.com\/fr"},{"@type":"ListItem","position":2,"name":"La Loi du Retour"}]},{"@type":"WebSite","@id":"https:\/\/welcome-israel.com\/fr#website","url":"https:\/\/welcome-israel.com\/fr","name":"welcome-israel.com","description":"","potentialAction":[{"@type":"SearchAction","target":{"@type":"EntryPoint","urlTemplate":"https:\/\/welcome-israel.com\/fr?s={search_term_string}"},"query-input":{"@type":"PropertyValueSpecification","valueRequired":true,"valueName":"search_term_string"}}],"inLanguage":"fr-FR"}]}},"_links":{"self":[{"href":"https:\/\/welcome-israel.com\/fr\/wp-json\/wp\/v2\/pages\/39440","targetHints":{"allow":["GET"]}}],"collection":[{"href":"https:\/\/welcome-israel.com\/fr\/wp-json\/wp\/v2\/pages"}],"about":[{"href":"https:\/\/welcome-israel.com\/fr\/wp-json\/wp\/v2\/types\/page"}],"author":[{"embeddable":true,"href":"https:\/\/welcome-israel.com\/fr\/wp-json\/wp\/v2\/users\/43"}],"replies":[{"embeddable":true,"href":"https:\/\/welcome-israel.com\/fr\/wp-json\/wp\/v2\/comments?post=39440"}],"version-history":[{"count":13,"href":"https:\/\/welcome-israel.com\/fr\/wp-json\/wp\/v2\/pages\/39440\/revisions"}],"predecessor-version":[{"id":39459,"href":"https:\/\/welcome-israel.com\/fr\/wp-json\/wp\/v2\/pages\/39440\/revisions\/39459"}],"wp:featuredmedia":[{"embeddable":true,"href":"https:\/\/welcome-israel.com\/fr\/wp-json\/wp\/v2\/media\/39441"}],"wp:attachment":[{"href":"https:\/\/welcome-israel.com\/fr\/wp-json\/wp\/v2\/media?parent=39440"}],"curies":[{"name":"wp","href":"https:\/\/api.w.org\/{rel}","templated":true}]}}