{"id":14970,"date":"2023-08-28T15:10:56","date_gmt":"2023-08-28T12:10:56","guid":{"rendered":"https:\/\/welcome-israel.com\/contacts"},"modified":"2024-10-23T17:24:07","modified_gmt":"2024-10-23T14:24:07","slug":"contacts","status":"publish","type":"page","link":"https:\/\/welcome-israel.com\/fr\/contacts","title":{"rendered":"Contacts"},"content":{"rendered":"<p><strong>Adresse:<\/strong> Isra\u00ebl, Netanya, Meffi 5, \u00e9tage 3, bureau 312<\/p>\n<p><strong>T\u00e9l\u00e9phone: <\/strong><a href='tel:+972 337 413 44' target='_blank' class='wrai__contact_info'>+972 337 413 44<\/a><\/p>\n<p><strong>Email:<\/strong> <a href='mailto:info@welcome-israel.com' target='_blank' class='wrai__contact_info'>info@welcome-israel.com<\/a><\/p>\n<p>Tous les jours de 10 heures \u00e0 19 heures.<\/p>\n","protected":false},"excerpt":{"rendered":"<p>Adresse: Isra\u00ebl, Netanya, Meffi 5, \u00e9tage 3, bureau 312 T\u00e9l\u00e9phone: Email: Tous les jours de 10 heures \u00e0 19 heures.<\/p>\n","protected":false},"author":11,"featured_media":14971,"parent":0,"menu_order":0,"comment_status":"open","ping_status":"closed","template":"templates\/tpl-contacts.php","meta":{"_acf_changed":false,"footnotes":""},"class_list":["post-14970","page","type-page","status-publish","has-post-thumbnail","hentry"],"acf":[],"yoast_head":"<!-- This site is optimized with the Yoast SEO plugin v27.1.1 - https:\/\/yoast.com\/product\/yoast-seo-wordpress\/ -->\n<title>Contacts | WRAI<\/title>\n<meta name=\"description\" content=\"Need assistance with repatriation to Israel? Our &#039;Contacts&#039; page provides address, phone, and email.\" \/>\n<meta name=\"robots\" content=\"index, follow, max-snippet:-1, max-image-preview:large, max-video-preview:-1\" \/>\n<link rel=\"canonical\" href=\"https:\/\/welcome-israel.com\/fr\/contacts\" \/>\n<meta property=\"og:locale\" content=\"fr_FR\" \/>\n<meta property=\"og:type\" content=\"article\" \/>\n<meta property=\"og:title\" content=\"Contacts | WRAI\" \/>\n<meta property=\"og:description\" content=\"Need assistance with repatriation to Israel? Our &#039;Contacts&#039; page provides address, phone, and email.\" \/>\n<meta property=\"og:url\" content=\"https:\/\/welcome-israel.com\/fr\/contacts\" \/>\n<meta property=\"og:site_name\" content=\"welcome-israel.com\" \/>\n<meta property=\"article:modified_time\" content=\"2024-10-23T14:24:07+00:00\" \/>\n<meta property=\"og:image\" content=\"https:\/\/welcome-israel.com\/wp-content\/uploads\/2023\/08\/vol-de-la-France-vers-Israel.jpg\" \/>\n\t<meta property=\"og:image:width\" content=\"1000\" \/>\n\t<meta property=\"og:image:height\" content=\"714\" \/>\n\t<meta property=\"og:image:type\" content=\"image\/jpeg\" \/>\n<meta name=\"twitter:card\" content=\"summary_large_image\" \/>\n<meta name=\"twitter:label1\" content=\"Dur\u00e9e de lecture estim\u00e9e\" \/>\n\t<meta name=\"twitter:data1\" content=\"1 minute\" \/>\n<script type=\"application\/ld+json\" class=\"yoast-schema-graph\">{\"@context\":\"https:\/\/schema.org\",\"@graph\":[{\"@type\":\"WebPage\",\"@id\":\"https:\/\/welcome-israel.com\/fr\/contacts\",\"url\":\"https:\/\/welcome-israel.com\/fr\/contacts\",\"name\":\"Contacts | WRAI\",\"isPartOf\":{\"@id\":\"https:\/\/welcome-israel.com\/fr#website\"},\"primaryImageOfPage\":{\"@id\":\"https:\/\/welcome-israel.com\/fr\/contacts#primaryimage\"},\"image\":{\"@id\":\"https:\/\/welcome-israel.com\/fr\/contacts#primaryimage\"},\"thumbnailUrl\":\"https:\/\/welcome-israel.com\/wp-content\/uploads\/2023\/08\/vol-de-la-France-vers-Israel.jpg\",\"datePublished\":\"2023-08-28T12:10:56+00:00\",\"dateModified\":\"2024-10-23T14:24:07+00:00\",\"description\":\"Need assistance with repatriation to Israel? Our 'Contacts' page provides address, phone, and email.\",\"breadcrumb\":{\"@id\":\"https:\/\/welcome-israel.com\/fr\/contacts#breadcrumb\"},\"inLanguage\":\"fr-FR\",\"potentialAction\":[{\"@type\":\"ReadAction\",\"target\":[\"https:\/\/welcome-israel.com\/fr\/contacts\"]}]},{\"@type\":\"ImageObject\",\"inLanguage\":\"fr-FR\",\"@id\":\"https:\/\/welcome-israel.com\/fr\/contacts#primaryimage\",\"url\":\"https:\/\/welcome-israel.com\/wp-content\/uploads\/2023\/08\/vol-de-la-France-vers-Israel.jpg\",\"contentUrl\":\"https:\/\/welcome-israel.com\/wp-content\/uploads\/2023\/08\/vol-de-la-France-vers-Israel.jpg\",\"width\":1000,\"height\":714},{\"@type\":\"BreadcrumbList\",\"@id\":\"https:\/\/welcome-israel.com\/fr\/contacts#breadcrumb\",\"itemListElement\":[{\"@type\":\"ListItem\",\"position\":1,\"name\":\"Home\",\"item\":\"https:\/\/welcome-israel.com\/fr\"},{\"@type\":\"ListItem\",\"position\":2,\"name\":\"Contacts\"}]},{\"@type\":\"WebSite\",\"@id\":\"https:\/\/welcome-israel.com\/fr#website\",\"url\":\"https:\/\/welcome-israel.com\/fr\",\"name\":\"welcome-israel.com\",\"description\":\"\",\"potentialAction\":[{\"@type\":\"SearchAction\",\"target\":{\"@type\":\"EntryPoint\",\"urlTemplate\":\"https:\/\/welcome-israel.com\/fr?s={search_term_string}\"},\"query-input\":{\"@type\":\"PropertyValueSpecification\",\"valueRequired\":true,\"valueName\":\"search_term_string\"}}],\"inLanguage\":\"fr-FR\"}]}<\/script>\n<!-- \/ Yoast SEO plugin. -->","yoast_head_json":{"title":"Contacts | WRAI","description":"Need assistance with repatriation to Israel? Our 'Contacts' page provides address, phone, and email.","robots":{"index":"index","follow":"follow","max-snippet":"max-snippet:-1","max-image-preview":"max-image-preview:large","max-video-preview":"max-video-preview:-1"},"canonical":"https:\/\/welcome-israel.com\/fr\/contacts","og_locale":"fr_FR","og_type":"article","og_title":"Contacts | WRAI","og_description":"Need assistance with repatriation to Israel? Our 'Contacts' page provides address, phone, and email.","og_url":"https:\/\/welcome-israel.com\/fr\/contacts","og_site_name":"welcome-israel.com","article_modified_time":"2024-10-23T14:24:07+00:00","og_image":[{"width":1000,"height":714,"url":"https:\/\/welcome-israel.com\/wp-content\/uploads\/2023\/08\/vol-de-la-France-vers-Israel.jpg","type":"image\/jpeg"}],"twitter_card":"summary_large_image","twitter_misc":{"Dur\u00e9e de lecture estim\u00e9e":"1 minute"},"schema":{"@context":"https:\/\/schema.org","@graph":[{"@type":"WebPage","@id":"https:\/\/welcome-israel.com\/fr\/contacts","url":"https:\/\/welcome-israel.com\/fr\/contacts","name":"Contacts | WRAI","isPartOf":{"@id":"https:\/\/welcome-israel.com\/fr#website"},"primaryImageOfPage":{"@id":"https:\/\/welcome-israel.com\/fr\/contacts#primaryimage"},"image":{"@id":"https:\/\/welcome-israel.com\/fr\/contacts#primaryimage"},"thumbnailUrl":"https:\/\/welcome-israel.com\/wp-content\/uploads\/2023\/08\/vol-de-la-France-vers-Israel.jpg","datePublished":"2023-08-28T12:10:56+00:00","dateModified":"2024-10-23T14:24:07+00:00","description":"Need assistance with repatriation to Israel? Our 'Contacts' page provides address, phone, and email.","breadcrumb":{"@id":"https:\/\/welcome-israel.com\/fr\/contacts#breadcrumb"},"inLanguage":"fr-FR","potentialAction":[{"@type":"ReadAction","target":["https:\/\/welcome-israel.com\/fr\/contacts"]}]},{"@type":"ImageObject","inLanguage":"fr-FR","@id":"https:\/\/welcome-israel.com\/fr\/contacts#primaryimage","url":"https:\/\/welcome-israel.com\/wp-content\/uploads\/2023\/08\/vol-de-la-France-vers-Israel.jpg","contentUrl":"https:\/\/welcome-israel.com\/wp-content\/uploads\/2023\/08\/vol-de-la-France-vers-Israel.jpg","width":1000,"height":714},{"@type":"BreadcrumbList","@id":"https:\/\/welcome-israel.com\/fr\/contacts#breadcrumb","itemListElement":[{"@type":"ListItem","position":1,"name":"Home","item":"https:\/\/welcome-israel.com\/fr"},{"@type":"ListItem","position":2,"name":"Contacts"}]},{"@type":"WebSite","@id":"https:\/\/welcome-israel.com\/fr#website","url":"https:\/\/welcome-israel.com\/fr","name":"welcome-israel.com","description":"","potentialAction":[{"@type":"SearchAction","target":{"@type":"EntryPoint","urlTemplate":"https:\/\/welcome-israel.com\/fr?s={search_term_string}"},"query-input":{"@type":"PropertyValueSpecification","valueRequired":true,"valueName":"search_term_string"}}],"inLanguage":"fr-FR"}]}},"_links":{"self":[{"href":"https:\/\/welcome-israel.com\/fr\/wp-json\/wp\/v2\/pages\/14970","targetHints":{"allow":["GET"]}}],"collection":[{"href":"https:\/\/welcome-israel.com\/fr\/wp-json\/wp\/v2\/pages"}],"about":[{"href":"https:\/\/welcome-israel.com\/fr\/wp-json\/wp\/v2\/types\/page"}],"author":[{"embeddable":true,"href":"https:\/\/welcome-israel.com\/fr\/wp-json\/wp\/v2\/users\/11"}],"replies":[{"embeddable":true,"href":"https:\/\/welcome-israel.com\/fr\/wp-json\/wp\/v2\/comments?post=14970"}],"version-history":[{"count":2,"href":"https:\/\/welcome-israel.com\/fr\/wp-json\/wp\/v2\/pages\/14970\/revisions"}],"predecessor-version":[{"id":39804,"href":"https:\/\/welcome-israel.com\/fr\/wp-json\/wp\/v2\/pages\/14970\/revisions\/39804"}],"wp:featuredmedia":[{"embeddable":true,"href":"https:\/\/welcome-israel.com\/fr\/wp-json\/wp\/v2\/media\/14971"}],"wp:attachment":[{"href":"https:\/\/welcome-israel.com\/fr\/wp-json\/wp\/v2\/media?parent=14970"}],"curies":[{"name":"wp","href":"https:\/\/api.w.org\/{rel}","templated":true}]}}