{"id":14944,"date":"2024-08-29T12:13:14","date_gmt":"2024-08-29T09:13:14","guid":{"rendered":"https:\/\/welcome-israel.com\/?page_id=14944"},"modified":"2024-08-30T16:28:06","modified_gmt":"2024-08-30T13:28:06","slug":"prix","status":"publish","type":"page","link":"https:\/\/welcome-israel.com\/fr\/prix","title":{"rendered":"Tarifs"},"content":{"rendered":"<p><span style=\"font-weight: 400;\">Le processus de rapatriement est individualis\u00e9 pour chaque personne et chaque famille, de sorte que WRAI a pr\u00e9par\u00e9 des offres sp\u00e9ciales pour les personnes ayant des revenus diff\u00e9rents.<\/span><\/p>\n","protected":false},"excerpt":{"rendered":"<p>Le processus de rapatriement est individualis\u00e9 pour chaque personne et chaque famille, de sorte que WRAI a pr\u00e9par\u00e9 des offres&#8230;<\/p>\n","protected":false},"author":43,"featured_media":0,"parent":0,"menu_order":0,"comment_status":"open","ping_status":"closed","template":"templates\/tpl-packages.php","meta":{"_acf_changed":false,"footnotes":""},"class_list":["post-14944","page","type-page","status-publish","hentry"],"acf":[],"yoast_head":"<!-- This site is optimized with the Yoast SEO plugin v27.1.1 - https:\/\/yoast.com\/product\/yoast-seo-wordpress\/ -->\n<title>Tarifs des services de rapatriement en Isra\u00ebl | WRAI<\/title>\n<meta name=\"description\" content=\"D\u00e9couvrez nos forfaits tarifaires pour l&#039;assistance au rapatriement et \u00e0 l&#039;obtention de la citoyennet\u00e9 en Isra\u00ebl.\" \/>\n<meta name=\"robots\" content=\"index, follow, max-snippet:-1, max-image-preview:large, max-video-preview:-1\" \/>\n<link rel=\"canonical\" href=\"https:\/\/welcome-israel.com\/fr\/prix\" \/>\n<meta property=\"og:locale\" content=\"fr_FR\" \/>\n<meta property=\"og:type\" content=\"article\" \/>\n<meta property=\"og:title\" content=\"Tarifs des services de rapatriement en Isra\u00ebl | WRAI\" \/>\n<meta property=\"og:description\" content=\"D\u00e9couvrez nos forfaits tarifaires pour l&#039;assistance au rapatriement et \u00e0 l&#039;obtention de la citoyennet\u00e9 en Isra\u00ebl.\" \/>\n<meta property=\"og:url\" content=\"https:\/\/welcome-israel.com\/fr\/prix\" \/>\n<meta property=\"og:site_name\" content=\"welcome-israel.com\" \/>\n<meta property=\"article:modified_time\" content=\"2024-08-30T13:28:06+00:00\" \/>\n<meta name=\"twitter:card\" content=\"summary_large_image\" \/>\n<meta name=\"twitter:label1\" content=\"Dur\u00e9e de lecture estim\u00e9e\" \/>\n\t<meta name=\"twitter:data1\" content=\"1 minute\" \/>\n<script type=\"application\/ld+json\" class=\"yoast-schema-graph\">{\"@context\":\"https:\/\/schema.org\",\"@graph\":[{\"@type\":\"WebPage\",\"@id\":\"https:\/\/welcome-israel.com\/fr\/prix\",\"url\":\"https:\/\/welcome-israel.com\/fr\/prix\",\"name\":\"Tarifs des services de rapatriement en Isra\u00ebl | WRAI\",\"isPartOf\":{\"@id\":\"https:\/\/welcome-israel.com\/fr#website\"},\"datePublished\":\"2024-08-29T09:13:14+00:00\",\"dateModified\":\"2024-08-30T13:28:06+00:00\",\"description\":\"D\u00e9couvrez nos forfaits tarifaires pour l'assistance au rapatriement et \u00e0 l'obtention de la citoyennet\u00e9 en Isra\u00ebl.\",\"breadcrumb\":{\"@id\":\"https:\/\/welcome-israel.com\/fr\/prix#breadcrumb\"},\"inLanguage\":\"fr-FR\",\"potentialAction\":[{\"@type\":\"ReadAction\",\"target\":[\"https:\/\/welcome-israel.com\/fr\/prix\"]}]},{\"@type\":\"BreadcrumbList\",\"@id\":\"https:\/\/welcome-israel.com\/fr\/prix#breadcrumb\",\"itemListElement\":[{\"@type\":\"ListItem\",\"position\":1,\"name\":\"Home\",\"item\":\"https:\/\/welcome-israel.com\/fr\"},{\"@type\":\"ListItem\",\"position\":2,\"name\":\"Tarifs\"}]},{\"@type\":\"WebSite\",\"@id\":\"https:\/\/welcome-israel.com\/fr#website\",\"url\":\"https:\/\/welcome-israel.com\/fr\",\"name\":\"welcome-israel.com\",\"description\":\"\",\"potentialAction\":[{\"@type\":\"SearchAction\",\"target\":{\"@type\":\"EntryPoint\",\"urlTemplate\":\"https:\/\/welcome-israel.com\/fr?s={search_term_string}\"},\"query-input\":{\"@type\":\"PropertyValueSpecification\",\"valueRequired\":true,\"valueName\":\"search_term_string\"}}],\"inLanguage\":\"fr-FR\"}]}<\/script>\n<!-- \/ Yoast SEO plugin. -->","yoast_head_json":{"title":"Tarifs des services de rapatriement en Isra\u00ebl | WRAI","description":"D\u00e9couvrez nos forfaits tarifaires pour l'assistance au rapatriement et \u00e0 l'obtention de la citoyennet\u00e9 en Isra\u00ebl.","robots":{"index":"index","follow":"follow","max-snippet":"max-snippet:-1","max-image-preview":"max-image-preview:large","max-video-preview":"max-video-preview:-1"},"canonical":"https:\/\/welcome-israel.com\/fr\/prix","og_locale":"fr_FR","og_type":"article","og_title":"Tarifs des services de rapatriement en Isra\u00ebl | WRAI","og_description":"D\u00e9couvrez nos forfaits tarifaires pour l'assistance au rapatriement et \u00e0 l'obtention de la citoyennet\u00e9 en Isra\u00ebl.","og_url":"https:\/\/welcome-israel.com\/fr\/prix","og_site_name":"welcome-israel.com","article_modified_time":"2024-08-30T13:28:06+00:00","twitter_card":"summary_large_image","twitter_misc":{"Dur\u00e9e de lecture estim\u00e9e":"1 minute"},"schema":{"@context":"https:\/\/schema.org","@graph":[{"@type":"WebPage","@id":"https:\/\/welcome-israel.com\/fr\/prix","url":"https:\/\/welcome-israel.com\/fr\/prix","name":"Tarifs des services de rapatriement en Isra\u00ebl | WRAI","isPartOf":{"@id":"https:\/\/welcome-israel.com\/fr#website"},"datePublished":"2024-08-29T09:13:14+00:00","dateModified":"2024-08-30T13:28:06+00:00","description":"D\u00e9couvrez nos forfaits tarifaires pour l'assistance au rapatriement et \u00e0 l'obtention de la citoyennet\u00e9 en Isra\u00ebl.","breadcrumb":{"@id":"https:\/\/welcome-israel.com\/fr\/prix#breadcrumb"},"inLanguage":"fr-FR","potentialAction":[{"@type":"ReadAction","target":["https:\/\/welcome-israel.com\/fr\/prix"]}]},{"@type":"BreadcrumbList","@id":"https:\/\/welcome-israel.com\/fr\/prix#breadcrumb","itemListElement":[{"@type":"ListItem","position":1,"name":"Home","item":"https:\/\/welcome-israel.com\/fr"},{"@type":"ListItem","position":2,"name":"Tarifs"}]},{"@type":"WebSite","@id":"https:\/\/welcome-israel.com\/fr#website","url":"https:\/\/welcome-israel.com\/fr","name":"welcome-israel.com","description":"","potentialAction":[{"@type":"SearchAction","target":{"@type":"EntryPoint","urlTemplate":"https:\/\/welcome-israel.com\/fr?s={search_term_string}"},"query-input":{"@type":"PropertyValueSpecification","valueRequired":true,"valueName":"search_term_string"}}],"inLanguage":"fr-FR"}]}},"_links":{"self":[{"href":"https:\/\/welcome-israel.com\/fr\/wp-json\/wp\/v2\/pages\/14944","targetHints":{"allow":["GET"]}}],"collection":[{"href":"https:\/\/welcome-israel.com\/fr\/wp-json\/wp\/v2\/pages"}],"about":[{"href":"https:\/\/welcome-israel.com\/fr\/wp-json\/wp\/v2\/types\/page"}],"author":[{"embeddable":true,"href":"https:\/\/welcome-israel.com\/fr\/wp-json\/wp\/v2\/users\/43"}],"replies":[{"embeddable":true,"href":"https:\/\/welcome-israel.com\/fr\/wp-json\/wp\/v2\/comments?post=14944"}],"version-history":[{"count":5,"href":"https:\/\/welcome-israel.com\/fr\/wp-json\/wp\/v2\/pages\/14944\/revisions"}],"predecessor-version":[{"id":15241,"href":"https:\/\/welcome-israel.com\/fr\/wp-json\/wp\/v2\/pages\/14944\/revisions\/15241"}],"wp:attachment":[{"href":"https:\/\/welcome-israel.com\/fr\/wp-json\/wp\/v2\/media?parent=14944"}],"curies":[{"name":"wp","href":"https:\/\/api.w.org\/{rel}","templated":true}]}}