{"id":14863,"date":"2024-08-30T16:15:52","date_gmt":"2024-08-30T13:15:52","guid":{"rendered":"https:\/\/welcome-israel.com\/?page_id=14863"},"modified":"2025-12-23T16:26:43","modified_gmt":"2025-12-23T13:26:43","slug":"laissez-passer","status":"publish","type":"page","link":"https:\/\/welcome-israel.com\/fr\/passeport-israelien\/laissez-passer","title":{"rendered":"Laissez-passer"},"content":{"rendered":"<p>Laissez-Passer (laissez passant) ou Teudat Maavar est un passeport isra\u00e9lien qui confirme la citoyennet\u00e9 isra\u00e9lienne \u00e0 l&rsquo;\u00e9tranger et assure l&rsquo;entr\u00e9e sans visa dans 61 pays.<\/p>\n<p>Quels droits Lesse Passe donne \u00e0 son propri\u00e9taire, ce qui est tenu de l&rsquo;obtenir, et en quoi il diff\u00e8re du passeport isra\u00e9lien <a href=\"https:\/\/welcome-israel.com\/fr\/passeport-israelien\/darkon\">Darkon<\/a> &#8211; \u00e0 ce sujet et beaucoup plus d&rsquo;informations ci-dessous.<\/p>\n<div class=\"banner-full-support\">\n    <div class=\"banner-full-support__inner\">\n        <div class=\"banner-full-support__title\">Soutien complet \u00e0 toutes les \u00e9tapes de la r\u00e9patriation, y compris en Isra\u00ebl<\/div>\n        <div class=\"banner-full-support__description\">Vous devez seulement soumettre les documents<\/div>\n        <a href=\"javascript:;\" data-fancybox data-src=\"#consult\" data-modal=\"true\" class=\"button button-white\">Laissez une demande<\/a>\n    <\/div>\n<\/div>\n<p>\u00c9tant donn\u00e9 qu&rsquo;il s&rsquo;int\u00e9resse au retour de tous les Juifs dans leur patrie historique, Darkon, pour une p\u00e9riode de 10 ans, n&rsquo;est d\u00e9livr\u00e9 qu&rsquo;aux citoyens vivant en Israel \u00e0 titre permanent. Un nouveau rapatri\u00e9 peut imm\u00e9diatement recevoir un Darkon pour une p\u00e9riode d&rsquo;un an et le prolonger s&rsquo;il r\u00e9side en permanence dans le pays. Et si un citoyen passe la plupart du temps \u00e0 l&rsquo;\u00e9tranger, alors le Minist\u00e8re de l&rsquo;Int\u00e9rieur remplacera Darkon sur Laissez-Passer.<\/p>\n<p><strong><div class=\"text_highlight\"><b>Note importante: <\/b><\/strong><\/p>\n<p>Un passeport \u00e9tranger a de nombreuses options pour les noms. Le nom officiel du document qui est grav\u00e9 sur sa couverture est Teudat Maavar, qui en h\u00e9breu signifie un document de voyage. D&rsquo;autres noms proviennent de l&rsquo;anglais &#8211; le document de voyage et le passeport provisoire. Les gens utilisent sa version fran\u00e7aise &#8211; Laissez-Passer.<\/p>\n<p><\/div><\/p>\n<h2>La diff\u00e9rence entre Laissez-Passer et Darkon<\/h2>\n<p><img decoding=\"async\" class=\"wp-image-3671 alignleft\" src=\"https:\/\/welcome-israel.com\/wp-content\/uploads\/2022\/03\/lesse-passe-300x169.jpg\" alt=\"\" width=\"358\" height=\"202\" srcset=\"https:\/\/welcome-israel.com\/wp-content\/uploads\/2022\/03\/lesse-passe-300x169.jpg 300w, https:\/\/welcome-israel.com\/wp-content\/uploads\/2022\/03\/lesse-passe-768x432.jpg 768w, https:\/\/welcome-israel.com\/wp-content\/uploads\/2022\/03\/lesse-passe.jpg 1000w\" sizes=\"(max-width: 358px) 100vw, 358px\" \/><\/p>\n<p>Le passeport standard est Darkon.<\/p>\n<p><b>Laissez-Passer sert d&rsquo;alternative dans un certain nombre de cas, \u00e0 savoir:<\/b><\/p>\n<ul>\n<li>Si un citoyen isra\u00e9lien vit dans le pays pendant moins de 183 jours par an et cesse d&rsquo;\u00eatre r\u00e9sident.<\/li>\n<li>Si Darkon est perdu alors que la personne est \u00e0 l&rsquo;\u00e9tranger.<\/li>\n<\/ul>\n<p>&nbsp;<\/p>\n<h2>Renouvellement du passeport isra\u00e9lien de Laissez-Passer<\/h2>\n<p>Vous pouvez prolonger Teudat Maavar au <a href=\"https:\/\/welcome-israel.com\/fr\/misrad-hapnim-ministere-de-l-interieur\">Minist\u00e8re isra\u00e9lien de l&rsquo;int\u00e9rieur<\/a> ou en contactant la repr\u00e9sentation isra\u00e9lienne dans le pays de r\u00e9sidence actuelle.<\/p>\n<p><b>Vous devez envoyer personnellement \u00e0<\/b><a href=\"https:\/\/welcome-israel.com\/fr\/ambassade-d-israel-a-paris\"> <b>l&rsquo;ambassade<\/b><\/a><b>:<\/b><\/p>\n<div class=\"text__row\"><div class=\"text__col text__col-6\"><\/p>\n<ul>\n<li>Demande d&rsquo;extension. \u00c0 compl\u00e9ter en h\u00e9breu ou en anglais.<\/li>\n<li>Document d&rsquo;identit\u00e9.\n<p><\/div><\/li>\n<\/ul>\n<p><div class=\"text__col text__col-6\"><\/p>\n<ul>\n<li style=\"font-weight: 400;\" aria-level=\"1\">Laissez-Passer, qui a besoin d&rsquo;une extension.<\/li>\n<li style=\"font-weight: 400;\" aria-level=\"1\">Les rendez-vous doivent \u00eatre r\u00e9serv\u00e9s \u00e0 l&rsquo;avance.<\/li>\n<\/ul>\n<p><\/div><\/div>\n<p>Lors du renouvellement d&rsquo;un document de voyage par l&rsquo;interm\u00e9diaire du Minist\u00e8re isra\u00e9lien de l&rsquo;int\u00e9rieur, l&rsquo;algorithme des actions sera le m\u00eame que lors de la pr\u00e9sentation d&rsquo;une demande d&rsquo;extension de Darkon. Laissez-Passer sera d\u00e9livr\u00e9 pour une p\u00e9riode de cinq ans. Lorsqu\u2019elle est d\u00e9livr\u00e9e, la dur\u00e9e totale du s\u00e9jour du requ\u00e9rant en Israel n\u2019est pas prise en compte.<\/p>\n<div class=\"text_highlight\">Le consulat isra\u00e9lien peut d\u00e9livrer Teudat Maavar avec une p\u00e9riode de validit\u00e9 plus courte si une personne est absente du pays depuis longtemps. Cela est fait pour provoquer une arriv\u00e9e afin d&rsquo;\u00e9tendre le document \u00e0 l&rsquo;int\u00e9rieur de l&rsquo;\u00c9tat isra\u00e9lien. Le gouvernement contr\u00f4le attentivement la dette financi\u00e8re et la l\u00e9galit\u00e9 du s\u00e9jour dans le pays.<\/div>\n<h2>Recettes de laissez-passer<\/h2>\n<div class=\"block-image__wrapper block-image__wrapper-reverse\"><figure><a href=\"https:\/\/welcome-israel.com\/wp-content\/uploads\/2023\/08\/lesse-passe-free-scaled.jpg\" data-fancybox><img decoding=\"async\" src=\"https:\/\/welcome-israel.com\/wp-content\/cache\/thumb\/07\/aaad523b01cf607_430x0.webp\" alt=\"\" title=\"\"><\/a><\/figure><div class=\"block-image__content\"><\/p>\n<p>Pour certaines personnes, l&rsquo;obtention d&rsquo;un laissez-passer est beaucoup plus rentable qu&rsquo;un Darkon. Par exemple, le document principal exige qu&rsquo;une personne vive en Israel pendant plus de 75 % du temps par an, mais cette condition n&rsquo;est pas obligatoire pour les d\u00e9tenteurs de Teudat Maawar.<\/p>\n<p>Le d\u00e9tenteur d&rsquo;un laissez-passer temporaire peut acheter des biens immobiliers et d&rsquo;autres actifs dans le monde entier sans restrictions, les soci\u00e9t\u00e9s enregistr\u00e9es, tout en faisant des affaires en tant qu&rsquo;Isra\u00e9liens.<\/p>\n<p><\/div><\/div>\n<p>N&rsquo;importe quel citoyen isra\u00e9lien peut demander \u00e0 Laissez-Passer. Cela n\u00e9cessitera un passeport interne (carte d&rsquo;identit\u00e9) \u2013 <a href=\"https:\/\/welcome-israel.com\/fr\/passeport-israelien\/teudat-zehut\">Teudat zehut<\/a>. Un permis de conduire n\u2019est pas appropri\u00e9 \u2013 gardez cela \u00e0 l\u2019esprit. Les enfants de moins de 18 ans sont accompagn\u00e9s d&rsquo;un parent. Si les parents ne sont pas l\u00e9galement mari\u00e9s, ils doivent tous deux donner leur consentement en personne en visitant le bureau ensemble ou s\u00e9par\u00e9ment. Il est \u00e9galement possible d&rsquo;avoir une autorisation notari\u00e9e, que l&rsquo;un des parents transf\u00e9rera \u00e0 l&rsquo;autre.<\/p>\n<div class=\"text_dashed\"><\/p>\n<p>Vous pouvez obtenir un document en Israel en contactant le Minist\u00e8re de l&rsquo;int\u00e9rieur ou en vous adressant au consulat isra\u00e9lien dans un autre pays.<\/p>\n<p><\/div>\n<p>Pour obtenir un Laissez-Passer, vous devez pr\u00e9senter personnellement une demande avec une demande pour ce type particulier de document de voyage. Il est important que tous les \u00e9l\u00e9ments de la demande soient correctement remplis avec des informations r\u00e9elles. Si certaines colonnes restent vides ou si les donn\u00e9es sont mal saisies, les employ\u00e9s du Minist\u00e8re de l&rsquo;int\u00e9rieur ont le droit de refuser d&rsquo;examiner l&rsquo;ensemble des documents destin\u00e9s \u00e0 recevoir Teudat Maavar. Toutes les informations fournies par le demandeur sont v\u00e9rifi\u00e9es pour de fausses informations. L&rsquo;enregistrement d&rsquo;un passeport \u00e9tranger temporaire prend de 5 \u00e0 7 jours ouvrables \u00e0 compter de la date de r\u00e9ception des documents pour le travail.<\/p>\n<h2>Avantages du passeport Lesse Passe<\/h2>\n<p>Le document de voyage pr\u00e9sente une longue liste d&rsquo;avantages. <strong>Les principaux sont:<\/strong><\/p>\n<ul>\n<li aria-level=\"1\">Validit\u00e9. Contrairement au Darkon, qui peut \u00eatre d\u00e9livr\u00e9 pour 1 an, 5 ans ou 10 ans, le Lesse Passe est imm\u00e9diatement d\u00e9livr\u00e9 pour 5 ans, sans n\u00e9cessit\u00e9 de r\u00e9sidence permanente en Isra\u00ebl.<\/li>\n<li aria-level=\"1\">Bien que la liste des pays sans visa soit plus restreinte qu&rsquo;avec le Darkon, si vous poss\u00e9dez un passeport \u00e9tranger, cet inconv\u00e9nient est compens\u00e9.<\/li>\n<li aria-level=\"1\">Le Teudat Maavar ouvre les destinations les plus pris\u00e9es pour son d\u00e9tenteur \u2013 notamment la zone Schengen.<\/li>\n<\/ul>\n<h2>FAQ<\/h2>\n<p>Nos clients posent souvent des questions sur l&rsquo;obtention du Lesse Passe et la mani\u00e8re dont il diff\u00e8re du Darkon. <strong>Voici ce que nous leur expliquons:<\/strong><\/p>\n<ul>\n<li aria-level=\"1\">Le Lesse Passe \u2013 \u00e9galement appel\u00e9 Teudat Maawar en h\u00e9breu et laissez-passer en fran\u00e7ais \u2013 offre aux citoyens isra\u00e9liens les m\u00eames droits que le Darkon. Bien que sa validit\u00e9 soit de 5 ans d\u00e8s son \u00e9mission, il peut \u00eatre utilis\u00e9 pour mener des affaires, ouvrir des comptes bancaires, acheter\/vendre des biens immobiliers, et plus encore.<\/li>\n<li aria-level=\"1\">Le document Lesse Passe d&rsquo;Isra\u00ebl offre la m\u00eame protection et s\u00e9curit\u00e9 \u00e0 un citoyen du pays \u00e0 l&rsquo;\u00e9tranger que le Darkon. La seule diff\u00e9rence r\u00e9side dans la p\u00e9riode de validit\u00e9 : le Lesse Passe est d\u00e9livr\u00e9 pour une p\u00e9riode de 5 ans, tandis que le Darkon peut \u00eatre d\u00e9livr\u00e9 pour 1, 5 ou 10 ans.<\/li>\n<li aria-level=\"1\">Le Teudat Maawar est limit\u00e9 quant au nombre de pays que vous pouvez visiter sans visa. Cependant, la liste des 60 pays inclut les destinations les plus populaires.<\/li>\n<\/ul>\n<p>Une des questions les plus importantes est : quels sont les pays accessibles sans visa avec un document de voyage isra\u00e9lien? Voici la r\u00e9ponse:<\/p>\n<ul>\n<li aria-level=\"1\">Presque tous les pays europ\u00e9ens sont pr\u00eats \u00e0 accueillir les d\u00e9tenteurs du Lesse Passe sur leur territoire sans visa. Ils ne font pas de distinction entre Darkon et Lesse Passe.<\/li>\n<li aria-level=\"1\">Les \u00c9tats-Unis d&rsquo;Am\u00e9rique ne font \u00e9galement pas de diff\u00e9rence entre les deux types de passeports internationaux isra\u00e9liens, mais la question de l&rsquo;entr\u00e9e sans visa pour les citoyens isra\u00e9liens est encore en discussion.<\/li>\n<li aria-level=\"1\">Le Royaume-Uni est un \u00c9tat o\u00f9 les autorit\u00e9s font la distinction entre Darkon et Lesse Passe, et un visa est requis pour franchir la fronti\u00e8re avec un Lesse Passe, mais pas avec un Darkon.<\/li>\n<\/ul>\n","protected":false},"excerpt":{"rendered":"<p>Laissez-Passer (laissez passant) ou Teudat Maavar est un passeport isra\u00e9lien qui confirme la citoyennet\u00e9 isra\u00e9lienne \u00e0 l&rsquo;\u00e9tranger et assure l&rsquo;entr\u00e9e&#8230;<\/p>\n","protected":false},"author":43,"featured_media":14868,"parent":15070,"menu_order":0,"comment_status":"open","ping_status":"closed","template":"","meta":{"_acf_changed":false,"footnotes":""},"class_list":["post-14863","page","type-page","status-publish","has-post-thumbnail","hentry"],"acf":[],"yoast_head":"<!-- This site is optimized with the Yoast SEO plugin v27.1.1 - https:\/\/yoast.com\/product\/yoast-seo-wordpress\/ -->\n<title>Laissez passant (Teudat Maavar) ou Laissez Passer Isra\u00ebl | WRAI<\/title>\n<meta name=\"description\" content=\"\u2605 Laissez-Passer Isra\u00ebl : Obtenez votre Teudat Maavar sans tracas ! Guide essentiel pour s\u00e9curiser votre Laissez-Passer pour l&#039;entr\u00e9e en Isra\u00ebl.\" \/>\n<meta name=\"robots\" content=\"index, follow, max-snippet:-1, max-image-preview:large, max-video-preview:-1\" \/>\n<link rel=\"canonical\" href=\"https:\/\/welcome-israel.com\/fr\/passeport-israelien\/laissez-passer\" \/>\n<meta property=\"og:locale\" content=\"fr_FR\" \/>\n<meta property=\"og:type\" content=\"article\" \/>\n<meta property=\"og:title\" content=\"Laissez passant (Teudat Maavar) ou Laissez Passer Isra\u00ebl | WRAI\" \/>\n<meta property=\"og:description\" content=\"\u2605 Laissez-Passer Isra\u00ebl : Obtenez votre Teudat Maavar sans tracas ! Guide essentiel pour s\u00e9curiser votre Laissez-Passer pour l&#039;entr\u00e9e en Isra\u00ebl.\" \/>\n<meta property=\"og:url\" content=\"https:\/\/welcome-israel.com\/fr\/passeport-israelien\/laissez-passer\" \/>\n<meta property=\"og:site_name\" content=\"welcome-israel.com\" \/>\n<meta property=\"article:modified_time\" content=\"2025-12-23T13:26:43+00:00\" \/>\n<meta property=\"og:image\" content=\"https:\/\/welcome-israel.com\/wp-content\/uploads\/2022\/03\/lesse-passe-mify-i-realnost-kak-poluchali.jpg\" \/>\n\t<meta property=\"og:image:width\" content=\"562\" \/>\n\t<meta property=\"og:image:height\" content=\"374\" \/>\n\t<meta property=\"og:image:type\" content=\"image\/jpeg\" \/>\n<meta name=\"twitter:card\" content=\"summary_large_image\" \/>\n<meta name=\"twitter:label1\" content=\"Dur\u00e9e de lecture estim\u00e9e\" \/>\n\t<meta name=\"twitter:data1\" content=\"6 minutes\" \/>\n<script type=\"application\/ld+json\" class=\"yoast-schema-graph\">{\"@context\":\"https:\/\/schema.org\",\"@graph\":[{\"@type\":\"WebPage\",\"@id\":\"https:\/\/welcome-israel.com\/fr\/passeport-israelien\/laissez-passer\",\"url\":\"https:\/\/welcome-israel.com\/fr\/passeport-israelien\/laissez-passer\",\"name\":\"Laissez passant (Teudat Maavar) ou Laissez Passer Isra\u00ebl | WRAI\",\"isPartOf\":{\"@id\":\"https:\/\/welcome-israel.com\/fr#website\"},\"primaryImageOfPage\":{\"@id\":\"https:\/\/welcome-israel.com\/fr\/passeport-israelien\/laissez-passer#primaryimage\"},\"image\":{\"@id\":\"https:\/\/welcome-israel.com\/fr\/passeport-israelien\/laissez-passer#primaryimage\"},\"thumbnailUrl\":\"https:\/\/welcome-israel.com\/wp-content\/uploads\/2022\/03\/lesse-passe-mify-i-realnost-kak-poluchali.jpg\",\"datePublished\":\"2024-08-30T13:15:52+00:00\",\"dateModified\":\"2025-12-23T13:26:43+00:00\",\"description\":\"\u2605 Laissez-Passer Isra\u00ebl : Obtenez votre Teudat Maavar sans tracas ! Guide essentiel pour s\u00e9curiser votre Laissez-Passer pour l'entr\u00e9e en Isra\u00ebl.\",\"breadcrumb\":{\"@id\":\"https:\/\/welcome-israel.com\/fr\/passeport-israelien\/laissez-passer#breadcrumb\"},\"inLanguage\":\"fr-FR\",\"potentialAction\":[{\"@type\":\"ReadAction\",\"target\":[\"https:\/\/welcome-israel.com\/fr\/passeport-israelien\/laissez-passer\"]}]},{\"@type\":\"ImageObject\",\"inLanguage\":\"fr-FR\",\"@id\":\"https:\/\/welcome-israel.com\/fr\/passeport-israelien\/laissez-passer#primaryimage\",\"url\":\"https:\/\/welcome-israel.com\/wp-content\/uploads\/2022\/03\/lesse-passe-mify-i-realnost-kak-poluchali.jpg\",\"contentUrl\":\"https:\/\/welcome-israel.com\/wp-content\/uploads\/2022\/03\/lesse-passe-mify-i-realnost-kak-poluchali.jpg\",\"width\":562,\"height\":374},{\"@type\":\"BreadcrumbList\",\"@id\":\"https:\/\/welcome-israel.com\/fr\/passeport-israelien\/laissez-passer#breadcrumb\",\"itemListElement\":[{\"@type\":\"ListItem\",\"position\":1,\"name\":\"Home\",\"item\":\"https:\/\/welcome-israel.com\/fr\"},{\"@type\":\"ListItem\",\"position\":2,\"name\":\"Passeport isra\u00e9lien\",\"item\":\"https:\/\/welcome-israel.com\/fr\/passeport-israelien\"},{\"@type\":\"ListItem\",\"position\":3,\"name\":\"Laissez-passer\"}]},{\"@type\":\"WebSite\",\"@id\":\"https:\/\/welcome-israel.com\/fr#website\",\"url\":\"https:\/\/welcome-israel.com\/fr\",\"name\":\"welcome-israel.com\",\"description\":\"\",\"potentialAction\":[{\"@type\":\"SearchAction\",\"target\":{\"@type\":\"EntryPoint\",\"urlTemplate\":\"https:\/\/welcome-israel.com\/fr?s={search_term_string}\"},\"query-input\":{\"@type\":\"PropertyValueSpecification\",\"valueRequired\":true,\"valueName\":\"search_term_string\"}}],\"inLanguage\":\"fr-FR\"}]}<\/script>\n<!-- \/ Yoast SEO plugin. -->","yoast_head_json":{"title":"Laissez passant (Teudat Maavar) ou Laissez Passer Isra\u00ebl | WRAI","description":"\u2605 Laissez-Passer Isra\u00ebl : Obtenez votre Teudat Maavar sans tracas ! Guide essentiel pour s\u00e9curiser votre Laissez-Passer pour l'entr\u00e9e en Isra\u00ebl.","robots":{"index":"index","follow":"follow","max-snippet":"max-snippet:-1","max-image-preview":"max-image-preview:large","max-video-preview":"max-video-preview:-1"},"canonical":"https:\/\/welcome-israel.com\/fr\/passeport-israelien\/laissez-passer","og_locale":"fr_FR","og_type":"article","og_title":"Laissez passant (Teudat Maavar) ou Laissez Passer Isra\u00ebl | WRAI","og_description":"\u2605 Laissez-Passer Isra\u00ebl : Obtenez votre Teudat Maavar sans tracas ! Guide essentiel pour s\u00e9curiser votre Laissez-Passer pour l'entr\u00e9e en Isra\u00ebl.","og_url":"https:\/\/welcome-israel.com\/fr\/passeport-israelien\/laissez-passer","og_site_name":"welcome-israel.com","article_modified_time":"2025-12-23T13:26:43+00:00","og_image":[{"width":562,"height":374,"url":"https:\/\/welcome-israel.com\/wp-content\/uploads\/2022\/03\/lesse-passe-mify-i-realnost-kak-poluchali.jpg","type":"image\/jpeg"}],"twitter_card":"summary_large_image","twitter_misc":{"Dur\u00e9e de lecture estim\u00e9e":"6 minutes"},"schema":{"@context":"https:\/\/schema.org","@graph":[{"@type":"WebPage","@id":"https:\/\/welcome-israel.com\/fr\/passeport-israelien\/laissez-passer","url":"https:\/\/welcome-israel.com\/fr\/passeport-israelien\/laissez-passer","name":"Laissez passant (Teudat Maavar) ou Laissez Passer Isra\u00ebl | WRAI","isPartOf":{"@id":"https:\/\/welcome-israel.com\/fr#website"},"primaryImageOfPage":{"@id":"https:\/\/welcome-israel.com\/fr\/passeport-israelien\/laissez-passer#primaryimage"},"image":{"@id":"https:\/\/welcome-israel.com\/fr\/passeport-israelien\/laissez-passer#primaryimage"},"thumbnailUrl":"https:\/\/welcome-israel.com\/wp-content\/uploads\/2022\/03\/lesse-passe-mify-i-realnost-kak-poluchali.jpg","datePublished":"2024-08-30T13:15:52+00:00","dateModified":"2025-12-23T13:26:43+00:00","description":"\u2605 Laissez-Passer Isra\u00ebl : Obtenez votre Teudat Maavar sans tracas ! Guide essentiel pour s\u00e9curiser votre Laissez-Passer pour l'entr\u00e9e en Isra\u00ebl.","breadcrumb":{"@id":"https:\/\/welcome-israel.com\/fr\/passeport-israelien\/laissez-passer#breadcrumb"},"inLanguage":"fr-FR","potentialAction":[{"@type":"ReadAction","target":["https:\/\/welcome-israel.com\/fr\/passeport-israelien\/laissez-passer"]}]},{"@type":"ImageObject","inLanguage":"fr-FR","@id":"https:\/\/welcome-israel.com\/fr\/passeport-israelien\/laissez-passer#primaryimage","url":"https:\/\/welcome-israel.com\/wp-content\/uploads\/2022\/03\/lesse-passe-mify-i-realnost-kak-poluchali.jpg","contentUrl":"https:\/\/welcome-israel.com\/wp-content\/uploads\/2022\/03\/lesse-passe-mify-i-realnost-kak-poluchali.jpg","width":562,"height":374},{"@type":"BreadcrumbList","@id":"https:\/\/welcome-israel.com\/fr\/passeport-israelien\/laissez-passer#breadcrumb","itemListElement":[{"@type":"ListItem","position":1,"name":"Home","item":"https:\/\/welcome-israel.com\/fr"},{"@type":"ListItem","position":2,"name":"Passeport isra\u00e9lien","item":"https:\/\/welcome-israel.com\/fr\/passeport-israelien"},{"@type":"ListItem","position":3,"name":"Laissez-passer"}]},{"@type":"WebSite","@id":"https:\/\/welcome-israel.com\/fr#website","url":"https:\/\/welcome-israel.com\/fr","name":"welcome-israel.com","description":"","potentialAction":[{"@type":"SearchAction","target":{"@type":"EntryPoint","urlTemplate":"https:\/\/welcome-israel.com\/fr?s={search_term_string}"},"query-input":{"@type":"PropertyValueSpecification","valueRequired":true,"valueName":"search_term_string"}}],"inLanguage":"fr-FR"}]}},"_links":{"self":[{"href":"https:\/\/welcome-israel.com\/fr\/wp-json\/wp\/v2\/pages\/14863","targetHints":{"allow":["GET"]}}],"collection":[{"href":"https:\/\/welcome-israel.com\/fr\/wp-json\/wp\/v2\/pages"}],"about":[{"href":"https:\/\/welcome-israel.com\/fr\/wp-json\/wp\/v2\/types\/page"}],"author":[{"embeddable":true,"href":"https:\/\/welcome-israel.com\/fr\/wp-json\/wp\/v2\/users\/43"}],"replies":[{"embeddable":true,"href":"https:\/\/welcome-israel.com\/fr\/wp-json\/wp\/v2\/comments?post=14863"}],"version-history":[{"count":12,"href":"https:\/\/welcome-israel.com\/fr\/wp-json\/wp\/v2\/pages\/14863\/revisions"}],"predecessor-version":[{"id":182601,"href":"https:\/\/welcome-israel.com\/fr\/wp-json\/wp\/v2\/pages\/14863\/revisions\/182601"}],"up":[{"embeddable":true,"href":"https:\/\/welcome-israel.com\/fr\/wp-json\/wp\/v2\/pages\/15070"}],"wp:featuredmedia":[{"embeddable":true,"href":"https:\/\/welcome-israel.com\/fr\/wp-json\/wp\/v2\/media\/14868"}],"wp:attachment":[{"href":"https:\/\/welcome-israel.com\/fr\/wp-json\/wp\/v2\/media?parent=14863"}],"curies":[{"name":"wp","href":"https:\/\/api.w.org\/{rel}","templated":true}]}}