{"id":14833,"date":"2024-08-28T20:01:28","date_gmt":"2024-08-28T17:01:28","guid":{"rendered":"https:\/\/welcome-israel.com\/?page_id=14833"},"modified":"2024-12-13T18:44:03","modified_gmt":"2024-12-13T15:44:03","slug":"citoyennete-israelienne-garantie","status":"publish","type":"page","link":"https:\/\/welcome-israel.com\/fr","title":{"rendered":"Citoyennet\u00e9 isra\u00e9lienne garantie"},"content":{"rendered":"","protected":false},"excerpt":{"rendered":"","protected":false},"author":1,"featured_media":0,"parent":0,"menu_order":0,"comment_status":"open","ping_status":"closed","template":"templates\/tpl-front-page.php","meta":{"_acf_changed":false,"footnotes":""},"class_list":["post-14833","page","type-page","status-publish","hentry"],"acf":[],"yoast_head":"<!-- This site is optimized with the Yoast SEO plugin v27.1.1 - https:\/\/yoast.com\/product\/yoast-seo-wordpress\/ -->\n<title>Agence Mondiale de Rapatriement Isra\u00ebl | WRAI<\/title>\n<meta name=\"description\" content=\"WRAI fournit un soutien professionnel complet pour l&#039;obtention d&#039;un passeport isra\u00e9lien, allant de l&#039;assistance \u00e0 la recherche de documents \u00e0 la r\u00e9solution de tout probl\u00e8me survenant apr\u00e8s l&#039;obtention de la citoyennet\u00e9 isra\u00e9lienne.\" \/>\n<meta name=\"robots\" content=\"index, follow, max-snippet:-1, max-image-preview:large, max-video-preview:-1\" \/>\n<link rel=\"canonical\" href=\"https:\/\/welcome-israel.com\/fr\" \/>\n<meta property=\"og:locale\" content=\"fr_FR\" \/>\n<meta property=\"og:type\" content=\"article\" \/>\n<meta property=\"og:title\" content=\"Agence Mondiale de Rapatriement Isra\u00ebl | WRAI\" \/>\n<meta property=\"og:description\" content=\"WRAI fournit un soutien professionnel complet pour l&#039;obtention d&#039;un passeport isra\u00e9lien, allant de l&#039;assistance \u00e0 la recherche de documents \u00e0 la r\u00e9solution de tout probl\u00e8me survenant apr\u00e8s l&#039;obtention de la citoyennet\u00e9 isra\u00e9lienne.\" \/>\n<meta property=\"og:url\" content=\"https:\/\/welcome-israel.com\/fr\" \/>\n<meta property=\"og:site_name\" content=\"welcome-israel.com\" \/>\n<meta property=\"article:modified_time\" content=\"2024-12-13T15:44:03+00:00\" \/>\n<meta name=\"twitter:card\" content=\"summary_large_image\" \/>\n<meta name=\"twitter:label1\" content=\"Dur\u00e9e de lecture estim\u00e9e\" \/>\n\t<meta name=\"twitter:data1\" content=\"10 minutes\" \/>\n<script type=\"application\/ld+json\" class=\"yoast-schema-graph\">{\"@context\":\"https:\/\/schema.org\",\"@graph\":[{\"@type\":\"WebPage\",\"@id\":\"https:\/\/welcome-israel.com\/fr\",\"url\":\"https:\/\/welcome-israel.com\/fr\",\"name\":\"Agence Mondiale de Rapatriement Isra\u00ebl | WRAI\",\"isPartOf\":{\"@id\":\"https:\/\/welcome-israel.com\/fr#website\"},\"datePublished\":\"2024-08-28T17:01:28+00:00\",\"dateModified\":\"2024-12-13T15:44:03+00:00\",\"description\":\"WRAI fournit un soutien professionnel complet pour l'obtention d'un passeport isra\u00e9lien, allant de l'assistance \u00e0 la recherche de documents \u00e0 la r\u00e9solution de tout probl\u00e8me survenant apr\u00e8s l'obtention de la citoyennet\u00e9 isra\u00e9lienne.\",\"breadcrumb\":{\"@id\":\"https:\/\/welcome-israel.com\/fr#breadcrumb\"},\"inLanguage\":\"fr-FR\",\"potentialAction\":[{\"@type\":\"ReadAction\",\"target\":[\"https:\/\/welcome-israel.com\/fr\"]}]},{\"@type\":\"BreadcrumbList\",\"@id\":\"https:\/\/welcome-israel.com\/fr#breadcrumb\",\"itemListElement\":[{\"@type\":\"ListItem\",\"position\":1,\"name\":\"Home\",\"item\":\"https:\/\/welcome-israel.com\/fr\"},{\"@type\":\"ListItem\",\"position\":2,\"name\":\"Citoyennet\u00e9 isra\u00e9lienne garantie\"}]},{\"@type\":\"WebSite\",\"@id\":\"https:\/\/welcome-israel.com\/fr#website\",\"url\":\"https:\/\/welcome-israel.com\/fr\",\"name\":\"welcome-israel.com\",\"description\":\"\",\"potentialAction\":[{\"@type\":\"SearchAction\",\"target\":{\"@type\":\"EntryPoint\",\"urlTemplate\":\"https:\/\/welcome-israel.com\/fr?s={search_term_string}\"},\"query-input\":{\"@type\":\"PropertyValueSpecification\",\"valueRequired\":true,\"valueName\":\"search_term_string\"}}],\"inLanguage\":\"fr-FR\"}]}<\/script>\n<!-- \/ Yoast SEO plugin. -->","yoast_head_json":{"title":"Agence Mondiale de Rapatriement Isra\u00ebl | WRAI","description":"WRAI fournit un soutien professionnel complet pour l'obtention d'un passeport isra\u00e9lien, allant de l'assistance \u00e0 la recherche de documents \u00e0 la r\u00e9solution de tout probl\u00e8me survenant apr\u00e8s l'obtention de la citoyennet\u00e9 isra\u00e9lienne.","robots":{"index":"index","follow":"follow","max-snippet":"max-snippet:-1","max-image-preview":"max-image-preview:large","max-video-preview":"max-video-preview:-1"},"canonical":"https:\/\/welcome-israel.com\/fr","og_locale":"fr_FR","og_type":"article","og_title":"Agence Mondiale de Rapatriement Isra\u00ebl | WRAI","og_description":"WRAI fournit un soutien professionnel complet pour l'obtention d'un passeport isra\u00e9lien, allant de l'assistance \u00e0 la recherche de documents \u00e0 la r\u00e9solution de tout probl\u00e8me survenant apr\u00e8s l'obtention de la citoyennet\u00e9 isra\u00e9lienne.","og_url":"https:\/\/welcome-israel.com\/fr","og_site_name":"welcome-israel.com","article_modified_time":"2024-12-13T15:44:03+00:00","twitter_card":"summary_large_image","twitter_misc":{"Dur\u00e9e de lecture estim\u00e9e":"10 minutes"},"schema":{"@context":"https:\/\/schema.org","@graph":[{"@type":"WebPage","@id":"https:\/\/welcome-israel.com\/fr","url":"https:\/\/welcome-israel.com\/fr","name":"Agence Mondiale de Rapatriement Isra\u00ebl | WRAI","isPartOf":{"@id":"https:\/\/welcome-israel.com\/fr#website"},"datePublished":"2024-08-28T17:01:28+00:00","dateModified":"2024-12-13T15:44:03+00:00","description":"WRAI fournit un soutien professionnel complet pour l'obtention d'un passeport isra\u00e9lien, allant de l'assistance \u00e0 la recherche de documents \u00e0 la r\u00e9solution de tout probl\u00e8me survenant apr\u00e8s l'obtention de la citoyennet\u00e9 isra\u00e9lienne.","breadcrumb":{"@id":"https:\/\/welcome-israel.com\/fr#breadcrumb"},"inLanguage":"fr-FR","potentialAction":[{"@type":"ReadAction","target":["https:\/\/welcome-israel.com\/fr"]}]},{"@type":"BreadcrumbList","@id":"https:\/\/welcome-israel.com\/fr#breadcrumb","itemListElement":[{"@type":"ListItem","position":1,"name":"Home","item":"https:\/\/welcome-israel.com\/fr"},{"@type":"ListItem","position":2,"name":"Citoyennet\u00e9 isra\u00e9lienne garantie"}]},{"@type":"WebSite","@id":"https:\/\/welcome-israel.com\/fr#website","url":"https:\/\/welcome-israel.com\/fr","name":"welcome-israel.com","description":"","potentialAction":[{"@type":"SearchAction","target":{"@type":"EntryPoint","urlTemplate":"https:\/\/welcome-israel.com\/fr?s={search_term_string}"},"query-input":{"@type":"PropertyValueSpecification","valueRequired":true,"valueName":"search_term_string"}}],"inLanguage":"fr-FR"}]}},"_links":{"self":[{"href":"https:\/\/welcome-israel.com\/fr\/wp-json\/wp\/v2\/pages\/14833","targetHints":{"allow":["GET"]}}],"collection":[{"href":"https:\/\/welcome-israel.com\/fr\/wp-json\/wp\/v2\/pages"}],"about":[{"href":"https:\/\/welcome-israel.com\/fr\/wp-json\/wp\/v2\/types\/page"}],"author":[{"embeddable":true,"href":"https:\/\/welcome-israel.com\/fr\/wp-json\/wp\/v2\/users\/1"}],"replies":[{"embeddable":true,"href":"https:\/\/welcome-israel.com\/fr\/wp-json\/wp\/v2\/comments?post=14833"}],"version-history":[{"count":25,"href":"https:\/\/welcome-israel.com\/fr\/wp-json\/wp\/v2\/pages\/14833\/revisions"}],"predecessor-version":[{"id":97139,"href":"https:\/\/welcome-israel.com\/fr\/wp-json\/wp\/v2\/pages\/14833\/revisions\/97139"}],"wp:attachment":[{"href":"https:\/\/welcome-israel.com\/fr\/wp-json\/wp\/v2\/media?parent=14833"}],"curies":[{"name":"wp","href":"https:\/\/api.w.org\/{rel}","templated":true}]}}