{"id":14822,"date":"2024-08-29T18:23:48","date_gmt":"2024-08-29T15:23:48","guid":{"rendered":"https:\/\/welcome-israel.com\/?page_id=14822"},"modified":"2024-08-29T18:23:48","modified_gmt":"2024-08-29T15:23:48","slug":"a-propos-de-nous","status":"publish","type":"page","link":"https:\/\/welcome-israel.com\/fr\/a-propos-de-nous","title":{"rendered":"\u00c0 propos de nous"},"content":{"rendered":"<p>&nbsp;<\/p>\n<p><img decoding=\"async\" class=\" wp-image-6262 alignright\" src=\"https:\/\/welcome-israel.com\/wp-content\/uploads\/2023\/08\/g8.png\" alt=\"\" width=\"357\" height=\"212\" srcset=\"https:\/\/welcome-israel.com\/wp-content\/uploads\/2023\/08\/g8.png 662w, https:\/\/welcome-israel.com\/wp-content\/uploads\/2023\/08\/g8-300x178.png 300w\" sizes=\"(max-width: 357px) 100vw, 357px\" \/><\/p>\n<p><span style=\"font-weight: 400;\">L&rsquo;obtention de la citoyennet\u00e9 isra\u00e9lienne est un processus s\u00e9rieux qui exige une pr\u00e9paration sp\u00e9ciale. Nos nombreuses ann\u00e9es d&rsquo;exp\u00e9rience sugg\u00e8rent qu&rsquo;il est plus facile de profiter d&rsquo;une aide qualifi\u00e9e \u00e0 l&rsquo;avance, car si vous \u00eates rejet\u00e9 \u00e0 la premi\u00e8re tentative, il sera plus difficile d&rsquo;obtenir la citoyennet\u00e9 \u00e0 l&rsquo;avenir.<\/span><\/p>\n<div class=\"text_highlight\"><span style=\"font-weight: 400;\">WRAI fournit une assistance pour l&rsquo;obtention de la citoyennet\u00e9 isra\u00e9lienne depuis 2014.<\/span><\/div>\n<p><span style=\"font-weight: 400;\">Nous sommes des experts isra\u00e9liens et accompagnons les clients \u00e0 tous les stades du processus, ainsi que nous fournissons un appui en mati\u00e8re d&rsquo;information compl\u00e8te sur les questions connexes.<\/span><\/p>\n<p><b>L&rsquo;\u00e9quipe de WRAI fait tout pour rendre l&rsquo;obtention de la citoyennet\u00e9 isra\u00e9lienne facile et rapide pour vous:<\/b><\/p>\n<ul>\n<li style=\"font-weight: 400;\" aria-level=\"1\"><span style=\"font-weight: 400;\">Nos archivistes \u00e0 plein temps vous aideront \u00e0 trouver des documents confirmant les racines juives. Dans nos recherches, nous utilisons \u00e0 la fois des archives ouvertes et ferm\u00e9es du monde entier.<\/span><\/li>\n<li style=\"font-weight: 400;\" aria-level=\"1\"><span style=\"font-weight: 400;\">Avec vous, nous recevrons un dossier complet et passerons le ch\u00e8que consulaire la premi\u00e8re fois, afin de ne pas attendre un deuxi\u00e8me entretien pendant plus de six mois.<\/span><\/li>\n<li style=\"font-weight: 400;\" aria-level=\"1\"><span style=\"font-weight: 400;\">Nous vous rencontrons et vous accompagnons en Isra-l, ce qui r\u00e9duit le d\u00e9lai pour mener \u00e0 bien toutes les proc\u00e9dures n\u00e9cessaires de 3 \u00e0 3 mois ou 10 jours ouvrables (selon le forfait de services s\u00e9lectionn\u00e9).<\/span><\/li>\n<li style=\"font-weight: 400;\" aria-level=\"1\"><span style=\"font-weight: 400;\">Nous vous aidons \u00e0 r\u00e9soudre les probl\u00e8mes qui se posent invariablement apr\u00e8s le rapatriement.<\/span><\/li>\n<li style=\"font-weight: 400;\" aria-level=\"1\"><span style=\"font-weight: 400;\">Au fil des ann\u00e9es de travail r\u00e9ussi, nous avons apport\u00e9 le soutien des premi\u00e8res personnes des communaut\u00e9s juives. Et afin de rendre la citoyennet\u00e9 isra\u00e9lienne aussi utile que possible pour nos clients, nous entreprenons un large \u00e9ventail de services suppl\u00e9mentaires: de l&rsquo;obtention d&rsquo;une assurance m\u00e9dicale priv\u00e9e \u00e0 l&rsquo;aide \u00e0 l&rsquo;achat d&rsquo;un bien immobilier et \u00e0 la cr\u00e9ation d&rsquo;une entreprise en Israel.<\/span><\/li>\n<\/ul>\n<p><span style=\"font-weight: 400;\">\u2013 99 % des clients passent l&rsquo;entretien lors du premier essai;<\/span><\/p>\n<p>\u2013 <span style=\"font-weight: 400;\">Plus de 5 800 darkons ont re\u00e7u notre aide.<\/span><\/p>\n<div class=\"text_dashed\"><span style=\"font-weight: 400;\">Nous travaillons avec des citoyens du monde entier. Si vous \u00eates citoyen des \u00c9tats-Unis, du Canada, du Royaume-Uni, de l&rsquo;Allemagne, de la France ou d&rsquo;un autre pays de l&rsquo;UE, nos sp\u00e9cialistes seront heureux de fournir une assistance qualifi\u00e9e au plus haut niveau.<\/span><\/div>\n","protected":false},"excerpt":{"rendered":"<p>&nbsp; L&rsquo;obtention de la citoyennet\u00e9 isra\u00e9lienne est un processus s\u00e9rieux qui exige une pr\u00e9paration sp\u00e9ciale. Nos nombreuses ann\u00e9es d&rsquo;exp\u00e9rience sugg\u00e8rent&#8230;<\/p>\n","protected":false},"author":1,"featured_media":0,"parent":0,"menu_order":0,"comment_status":"closed","ping_status":"closed","template":"","meta":{"_acf_changed":false,"footnotes":""},"class_list":["post-14822","page","type-page","status-publish","hentry"],"acf":[],"yoast_head":"<!-- This site is optimized with the Yoast SEO plugin v27.1.1 - https:\/\/yoast.com\/product\/yoast-seo-wordpress\/ -->\n<title>\u00c0 propos de nous | WRAI<\/title>\n<meta name=\"description\" content=\"D\u00e9couvrez WRAI, votre partenaire d\u00e9di\u00e9 \u00e0 l&#039;acquisition de la citoyennet\u00e9 isra\u00e9lienne. D\u00e9couvrez comment nous simplifions le processus complexe et vous mettons sur la voie d&#039;une nouvelle vie.\" \/>\n<meta name=\"robots\" content=\"index, follow, max-snippet:-1, max-image-preview:large, max-video-preview:-1\" \/>\n<link rel=\"canonical\" href=\"https:\/\/welcome-israel.com\/fr\/a-propos-de-nous\" \/>\n<meta property=\"og:locale\" content=\"fr_FR\" \/>\n<meta property=\"og:type\" content=\"article\" \/>\n<meta property=\"og:title\" content=\"\u00c0 propos de nous | WRAI\" \/>\n<meta property=\"og:description\" content=\"D\u00e9couvrez WRAI, votre partenaire d\u00e9di\u00e9 \u00e0 l&#039;acquisition de la citoyennet\u00e9 isra\u00e9lienne. D\u00e9couvrez comment nous simplifions le processus complexe et vous mettons sur la voie d&#039;une nouvelle vie.\" \/>\n<meta property=\"og:url\" content=\"https:\/\/welcome-israel.com\/fr\/a-propos-de-nous\" \/>\n<meta property=\"og:site_name\" content=\"welcome-israel.com\" \/>\n<meta property=\"og:image\" content=\"https:\/\/welcome-israel.com\/wp-content\/uploads\/2023\/08\/g8.png\" \/>\n<meta name=\"twitter:card\" content=\"summary_large_image\" \/>\n<meta name=\"twitter:label1\" content=\"Dur\u00e9e de lecture estim\u00e9e\" \/>\n\t<meta name=\"twitter:data1\" content=\"2 minutes\" \/>\n<script type=\"application\/ld+json\" class=\"yoast-schema-graph\">{\"@context\":\"https:\/\/schema.org\",\"@graph\":[{\"@type\":\"WebPage\",\"@id\":\"https:\/\/welcome-israel.com\/fr\/a-propos-de-nous\",\"url\":\"https:\/\/welcome-israel.com\/fr\/a-propos-de-nous\",\"name\":\"\u00c0 propos de nous | WRAI\",\"isPartOf\":{\"@id\":\"https:\/\/welcome-israel.com\/fr#website\"},\"primaryImageOfPage\":{\"@id\":\"https:\/\/welcome-israel.com\/fr\/a-propos-de-nous#primaryimage\"},\"image\":{\"@id\":\"https:\/\/welcome-israel.com\/fr\/a-propos-de-nous#primaryimage\"},\"thumbnailUrl\":\"https:\/\/welcome-israel.com\/wp-content\/uploads\/2023\/08\/g8.png\",\"datePublished\":\"2024-08-29T15:23:48+00:00\",\"description\":\"D\u00e9couvrez WRAI, votre partenaire d\u00e9di\u00e9 \u00e0 l'acquisition de la citoyennet\u00e9 isra\u00e9lienne. D\u00e9couvrez comment nous simplifions le processus complexe et vous mettons sur la voie d'une nouvelle vie.\",\"breadcrumb\":{\"@id\":\"https:\/\/welcome-israel.com\/fr\/a-propos-de-nous#breadcrumb\"},\"inLanguage\":\"fr-FR\",\"potentialAction\":[{\"@type\":\"ReadAction\",\"target\":[\"https:\/\/welcome-israel.com\/fr\/a-propos-de-nous\"]}]},{\"@type\":\"ImageObject\",\"inLanguage\":\"fr-FR\",\"@id\":\"https:\/\/welcome-israel.com\/fr\/a-propos-de-nous#primaryimage\",\"url\":\"https:\/\/welcome-israel.com\/wp-content\/uploads\/2023\/08\/g8.png\",\"contentUrl\":\"https:\/\/welcome-israel.com\/wp-content\/uploads\/2023\/08\/g8.png\"},{\"@type\":\"BreadcrumbList\",\"@id\":\"https:\/\/welcome-israel.com\/fr\/a-propos-de-nous#breadcrumb\",\"itemListElement\":[{\"@type\":\"ListItem\",\"position\":1,\"name\":\"Home\",\"item\":\"https:\/\/welcome-israel.com\/fr\"},{\"@type\":\"ListItem\",\"position\":2,\"name\":\"\u00c0 propos de nous\"}]},{\"@type\":\"WebSite\",\"@id\":\"https:\/\/welcome-israel.com\/fr#website\",\"url\":\"https:\/\/welcome-israel.com\/fr\",\"name\":\"welcome-israel.com\",\"description\":\"\",\"potentialAction\":[{\"@type\":\"SearchAction\",\"target\":{\"@type\":\"EntryPoint\",\"urlTemplate\":\"https:\/\/welcome-israel.com\/fr?s={search_term_string}\"},\"query-input\":{\"@type\":\"PropertyValueSpecification\",\"valueRequired\":true,\"valueName\":\"search_term_string\"}}],\"inLanguage\":\"fr-FR\"}]}<\/script>\n<!-- \/ Yoast SEO plugin. -->","yoast_head_json":{"title":"\u00c0 propos de nous | WRAI","description":"D\u00e9couvrez WRAI, votre partenaire d\u00e9di\u00e9 \u00e0 l'acquisition de la citoyennet\u00e9 isra\u00e9lienne. D\u00e9couvrez comment nous simplifions le processus complexe et vous mettons sur la voie d'une nouvelle vie.","robots":{"index":"index","follow":"follow","max-snippet":"max-snippet:-1","max-image-preview":"max-image-preview:large","max-video-preview":"max-video-preview:-1"},"canonical":"https:\/\/welcome-israel.com\/fr\/a-propos-de-nous","og_locale":"fr_FR","og_type":"article","og_title":"\u00c0 propos de nous | WRAI","og_description":"D\u00e9couvrez WRAI, votre partenaire d\u00e9di\u00e9 \u00e0 l'acquisition de la citoyennet\u00e9 isra\u00e9lienne. D\u00e9couvrez comment nous simplifions le processus complexe et vous mettons sur la voie d'une nouvelle vie.","og_url":"https:\/\/welcome-israel.com\/fr\/a-propos-de-nous","og_site_name":"welcome-israel.com","og_image":[{"url":"https:\/\/welcome-israel.com\/wp-content\/uploads\/2023\/08\/g8.png","type":"","width":"","height":""}],"twitter_card":"summary_large_image","twitter_misc":{"Dur\u00e9e de lecture estim\u00e9e":"2 minutes"},"schema":{"@context":"https:\/\/schema.org","@graph":[{"@type":"WebPage","@id":"https:\/\/welcome-israel.com\/fr\/a-propos-de-nous","url":"https:\/\/welcome-israel.com\/fr\/a-propos-de-nous","name":"\u00c0 propos de nous | WRAI","isPartOf":{"@id":"https:\/\/welcome-israel.com\/fr#website"},"primaryImageOfPage":{"@id":"https:\/\/welcome-israel.com\/fr\/a-propos-de-nous#primaryimage"},"image":{"@id":"https:\/\/welcome-israel.com\/fr\/a-propos-de-nous#primaryimage"},"thumbnailUrl":"https:\/\/welcome-israel.com\/wp-content\/uploads\/2023\/08\/g8.png","datePublished":"2024-08-29T15:23:48+00:00","description":"D\u00e9couvrez WRAI, votre partenaire d\u00e9di\u00e9 \u00e0 l'acquisition de la citoyennet\u00e9 isra\u00e9lienne. D\u00e9couvrez comment nous simplifions le processus complexe et vous mettons sur la voie d'une nouvelle vie.","breadcrumb":{"@id":"https:\/\/welcome-israel.com\/fr\/a-propos-de-nous#breadcrumb"},"inLanguage":"fr-FR","potentialAction":[{"@type":"ReadAction","target":["https:\/\/welcome-israel.com\/fr\/a-propos-de-nous"]}]},{"@type":"ImageObject","inLanguage":"fr-FR","@id":"https:\/\/welcome-israel.com\/fr\/a-propos-de-nous#primaryimage","url":"https:\/\/welcome-israel.com\/wp-content\/uploads\/2023\/08\/g8.png","contentUrl":"https:\/\/welcome-israel.com\/wp-content\/uploads\/2023\/08\/g8.png"},{"@type":"BreadcrumbList","@id":"https:\/\/welcome-israel.com\/fr\/a-propos-de-nous#breadcrumb","itemListElement":[{"@type":"ListItem","position":1,"name":"Home","item":"https:\/\/welcome-israel.com\/fr"},{"@type":"ListItem","position":2,"name":"\u00c0 propos de nous"}]},{"@type":"WebSite","@id":"https:\/\/welcome-israel.com\/fr#website","url":"https:\/\/welcome-israel.com\/fr","name":"welcome-israel.com","description":"","potentialAction":[{"@type":"SearchAction","target":{"@type":"EntryPoint","urlTemplate":"https:\/\/welcome-israel.com\/fr?s={search_term_string}"},"query-input":{"@type":"PropertyValueSpecification","valueRequired":true,"valueName":"search_term_string"}}],"inLanguage":"fr-FR"}]}},"_links":{"self":[{"href":"https:\/\/welcome-israel.com\/fr\/wp-json\/wp\/v2\/pages\/14822","targetHints":{"allow":["GET"]}}],"collection":[{"href":"https:\/\/welcome-israel.com\/fr\/wp-json\/wp\/v2\/pages"}],"about":[{"href":"https:\/\/welcome-israel.com\/fr\/wp-json\/wp\/v2\/types\/page"}],"author":[{"embeddable":true,"href":"https:\/\/welcome-israel.com\/fr\/wp-json\/wp\/v2\/users\/1"}],"replies":[{"embeddable":true,"href":"https:\/\/welcome-israel.com\/fr\/wp-json\/wp\/v2\/comments?post=14822"}],"version-history":[{"count":3,"href":"https:\/\/welcome-israel.com\/fr\/wp-json\/wp\/v2\/pages\/14822\/revisions"}],"predecessor-version":[{"id":14957,"href":"https:\/\/welcome-israel.com\/fr\/wp-json\/wp\/v2\/pages\/14822\/revisions\/14957"}],"wp:attachment":[{"href":"https:\/\/welcome-israel.com\/fr\/wp-json\/wp\/v2\/media?parent=14822"}],"curies":[{"name":"wp","href":"https:\/\/api.w.org\/{rel}","templated":true}]}}